{"id":574,"date":"2022-01-26T08:20:31","date_gmt":"2022-01-26T08:20:31","guid":{"rendered":"https:\/\/sky-reachers.com\/?page_id=574"},"modified":"2022-12-28T12:25:15","modified_gmt":"2022-12-28T12:25:15","slug":"terms-conditions","status":"publish","type":"page","link":"https:\/\/sky-reachers.com\/it\/terms-conditions\/","title":{"rendered":"Termini &amp; Condizioni"},"content":{"rendered":"<div data-elementor-type=\"wp-page\" data-elementor-id=\"574\" class=\"elementor elementor-574\" data-elementor-settings=\"[]\">\n\t\t\t\t\t\t\t<div class=\"elementor-section-wrap\">\n\t\t\t\t\t\t\t<section class=\"elementor-section elementor-top-section elementor-element elementor-element-6624eecc elementor-section-boxed elementor-section-height-default elementor-section-height-default\" data-id=\"6624eecc\" data-element_type=\"section\" data-settings=\"{&quot;background_background&quot;:&quot;classic&quot;}\">\n\t\t\t\t\t\t\t<div class=\"elementor-background-overlay\"><\/div>\n\t\t\t\t\t\t\t<div class=\"elementor-container elementor-column-gap-default\">\n\t\t\t\t\t<div class=\"elementor-column elementor-col-100 elementor-top-column elementor-element elementor-element-7ddad828\" data-id=\"7ddad828\" data-element_type=\"column\">\n\t\t\t<div class=\"elementor-widget-wrap elementor-element-populated\">\n\t\t\t\t\t\t\t\t<section class=\"elementor-section elementor-inner-section elementor-element elementor-element-25834e53 elementor-section-boxed elementor-section-height-default elementor-section-height-default\" data-id=\"25834e53\" data-element_type=\"section\">\n\t\t\t\t\t\t<div class=\"elementor-container elementor-column-gap-default\">\n\t\t\t\t\t<div class=\"elementor-column elementor-col-100 elementor-inner-column elementor-element elementor-element-18a66ed7\" data-id=\"18a66ed7\" data-element_type=\"column\">\n\t\t\t<div class=\"elementor-widget-wrap elementor-element-populated\">\n\t\t\t\t\t\t\t\t<div class=\"elementor-element elementor-element-8bc3053 cont elementor-widget elementor-widget-text-editor\" data-id=\"8bc3053\" data-element_type=\"widget\" data-widget_type=\"text-editor.default\">\n\t\t\t\t<div class=\"elementor-widget-container\">\n\t\t\t<style>\/*! elementor - v3.5.3 - 28-12-2021 *\/\n.elementor-widget-text-editor.elementor-drop-cap-view-stacked .elementor-drop-cap{background-color:#818a91;color:#fff}.elementor-widget-text-editor.elementor-drop-cap-view-framed .elementor-drop-cap{color:#818a91;border:3px solid;background-color:transparent}.elementor-widget-text-editor:not(.elementor-drop-cap-view-default) .elementor-drop-cap{margin-top:8px}.elementor-widget-text-editor:not(.elementor-drop-cap-view-default) .elementor-drop-cap-letter{width:1em;height:1em}.elementor-widget-text-editor .elementor-drop-cap{float:left;text-align:center;line-height:1;font-size:50px}.elementor-widget-text-editor .elementor-drop-cap-letter{display:inline-block}<\/style>\t\t\t\t<p><span style=\"font-weight: 400;\">I presenti Termini e Condizioni (\"Termini e Condizioni\") si applicano all'utilizzo e alla registrazione su https:\/\/sky-reachers.com (\"Sito Web\").<\/span><\/p><p><span style=\"font-weight: 400;\">SI PREGA DI LEGGERE I PRESENTI TERMINI E CONDIZIONI PRIMA DI ACCEDERE, NAVIGARE O ALTRIMENTI UTILIZZARE IL SITO WEB<\/span><\/p><p><span style=\"font-weight: 400;\">L'accesso alla navigazione, revisione e utilizzo del Sito Web \u00e8 soggetto ai presenti Termini e Condizioni e a tutte le leggi ivi applicabili. Accedendo e utilizzando il Sito Web, accetti questi Termini e Condizioni senza limitazione o qualifica. Se non intendi accettare i presenti Termini e le Condizioni, non utilizzare il Sito Web. Se, in qualsiasi momento, non ritieni pi\u00f9 accettabile qualsiasi parte dei presenti Termini e Condizioni interrompi immediatamente l'utilizzo del Sito Web.<\/span><\/p><p><b>Per i presenti Termini e Condizioni:<\/b><\/p><ul><li style=\"font-weight: 400;\" aria-level=\"1\"><span style=\"font-weight: 400;\">Cookie: piccola quantit\u00e0 di dati generati da un sito web e salvati dal tuo browser. Il cookie viene utilizzato per identificare il browser, fornire dati analitici, ricordare informazioni che ti riguardano come ad esempio le preferenze linguistiche o le informazioni di accesso.<\/span><\/li><li style=\"font-weight: 400;\" aria-level=\"1\"><span style=\"font-weight: 400;\">Company: when this policy mentions &#8220;Company,&#8221; &#8220;we,&#8221; &#8220;us,&#8221; or &#8220;our,&#8221; it refers to Gelinar Limited (Office 2, 12a Lower Main Street, Lucan, Dublin, K78 X5P8, Republic of Ireland) that is responsible for your information under this Terms and Conditions.<\/span><\/li><li style=\"font-weight: 400;\" aria-level=\"1\"><span style=\"font-weight: 400;\">Paese: dove hanno sede Sky Reachers o i proprietari\/fondatori di Sky Reachers, in questo l'Irlanda.<\/span><\/li><li style=\"font-weight: 400;\" aria-level=\"1\"><span style=\"font-weight: 400;\">Dispositivo: qualsiasi dispositivo connesso a Internet come telefono, tablet, computer o altri dispositivi che possono essere utilizzati per visitare Sky Reachers e utilizzarne i servizi.<\/span><\/li><li style=\"font-weight: 400;\" aria-level=\"1\"><span style=\"font-weight: 400;\">Servizio: si riferisce al Servizio fornito da Sky Reachers come descritto nei relativi termini (se disponibili) e su questa piattaforma.<\/span><\/li><li style=\"font-weight: 400;\" aria-level=\"1\"><span style=\"font-weight: 400;\">Servizio di terze parti: si riferisce a inserzionisti, sponsor di concorsi, partner promozionali e di marketing e altri interlocutori che forniscono i nostri contenuti o i cui prodotti o servizi riteniamo possano interessarti.<\/span><\/li><li style=\"font-weight: 400;\" aria-level=\"1\"><span style=\"font-weight: 400;\">Sito Web: sito di Gelinar Limited, a cui \u00e8 possibile accedere tramite l'URL: https:\/\/sky-reachers.com<\/span><\/li><li style=\"font-weight: 400;\" aria-level=\"1\"><span style=\"font-weight: 400;\">Tu: persona o entit\u00e0 registrata con Sky Reachers per utilizzare i Servizi.<\/span><\/li><\/ul><p><span style=\"font-weight: 400;\">Stai acquistando i servizi di Business Consulting.<\/span><\/p><p><span style=\"font-weight: 400;\">I servizi acquistati sono ad uso esclusivo della persona (\"Utente Autorizzato\") i cui dettagli sono stati utilizzati per registrare un account utente atto all'acquisto di servizi su https:\/\/sky-reachers.com. Viene supposto che i dettagli dell'utente finale che utilizza i materiali acquistati differiscano dall'Utente Autorizzato. In tal caso, Sky Reachers deve essere informato sui dettagli dell'utente finale designato delle informazioni che tali autorizzazioni per l'uso non devono essere irragionevolmente negate.<\/span><\/p><p><b>Utilizzo dei Contenuti del Sito Web<\/b><\/p><p><span style=\"font-weight: 400;\">Sky Reachers concede all'utente una licenza non esclusiva e non trasferibile per la durata del presente documento che gli permette di accedere e scaricare, visualizzare e stampare una copia del contenuto e delle funzionalit\u00e0 visualizzate presenti sul Sito Web (il \"Contenuto del Sito Web\") su qualsiasi singolo computer esclusivamente per il tuo uso interno, aziendale, e a condizione che non venga in alcun modo modificato il contenuto del sito web e che vengano conservati tutti i diritti d'autore e altri avvisi di propriet\u00e0 visualizzati sul Contenuto del Sito Web. L'utente non pu\u00f2 altrimenti riprodurre, modificare, distribuire, trasmettere, pubblicare o divulgare il contenuto del Sito Web senza il previo consenso scritto di Sky Reachers.<\/span><\/p><p><b>Uso Non Consentito<\/b><\/p><p><span style=\"font-weight: 400;\">Non ti \u00e8 permesso, direttamente o indirettamente, consentire a nessun'altra persona di utilizzare o condividere l'accesso alle informazioni. Qualsiasi violazione delle presenti restrizioni pu\u00f2 comportare la cessazione immediata del tuo accesso alle informazioni e\/o la responsabilit\u00e0 per i danni arrecati.<\/span><\/p><p><span style=\"font-weight: 400;\">L'Utente Autorizzato pu\u00f2 utilizzare le informazioni per gli scopi previsti e non pu\u00f2 utilizzare le Informazioni come segue:<\/span><\/p><p><span style=\"font-weight: 400;\">(a) in qualsiasi modo che violi qualsiasi legge o regolamento vigente a livello locale, nazionale o internazionale;<\/span><\/p><p><span style=\"font-weight: 400;\">(b) in qualsiasi modo illecito o fraudolento, o nel caso abbia uno scopo o un effetto illecito o fraudolento;<\/span><\/p><p><span style=\"font-weight: 400;\">(c) per acquistare da o per conto di qualsiasi paese soggetto a restrizioni in base alle sanzioni Irlandesi;<\/span><\/p><p><span style=\"font-weight: 400;\">(d) per trasmettere o procurarsi l'invio di materiale pubblicitario o promozionale non richiesto o non autorizzato o qualsiasi altra forma di sollecitazione simile (spam);<\/span><\/p><p><span style=\"font-weight: 400;\">(e) fornire servizi a terzi tramite un'agenzia di servizi, un modello di outsourcing, come fornitore di servizi applicativi o in base a qualsiasi altro accordo similare;<\/span><\/p><p><span style=\"font-weight: 400;\">(f) per trasmettere consapevolmente dati, inviare o caricare qualsiasi materiale che contenga virus, trojan, worm, time-bombs, keylogger, spyware, adware o qualsiasi altro programma dannoso o codice informatico simile progettato per influire negativamente sul funzionamento di qualsiasi software o hardware.<\/span><\/p><p><span style=\"font-weight: 400;\">(g) in una forma modificata in alcun modo.<\/span><\/p><p><b>Link a Siti Web di Terze Parti<\/b><\/p><p><span style=\"font-weight: 400;\">I link a Siti Web di Terze Parti sono forniti solo per praticit\u00e0 e non implicano alcuna approvazione o avvallo da parte della Societ\u00e0 dei Siti Web collegati, anche se possono contenere il logo della Societ\u00e0; in quanto tali, tali Siti Web sono al di fuori del controllo della Societ\u00e0. Pertanto, la Societ\u00e0 non pu\u00f2 essere ritenuta responsabile del contenuto di qualsiasi Sito Web collegato o di qualsiasi link in esso contenuto. Per questo motivo dovresti proteggerti da virus, worm, cavalli di Troia e altri programmi potenzialmente distruttivi che potrebbero essere presenti su tali Siti Web di Terze Parti. Sei inoltre responsabile del controllo e del rispetto dei termini di utilizzo applicabili ai suddetti Siti Web di Terze Parti. L'utente riconosce che \u00e8 vietato inquadrare il Sito Web della Societ\u00e0 o qualsiasi processo similare.<\/span><\/p><p><b>Propriet\u00e0 Intellettuale<\/b><\/p><p><span style=\"font-weight: 400;\">Il Sito Web e tutti i suoi contenuti, caratteristiche e funzionalit\u00e0 (inclusi, a titolo esemplificativo ma non esaustivo, tutte le informazioni, software, testo, display, immagini, video e audio e il design, la selezione e la disposizione degli stessi) sono di propriet\u00e0 di Sky Reachers, DEi suoi licenziatari o di altri fornitori di tale materiale. Sono protetti dall'ordinamento dell'Irland e dalle leggi internazionali su copyright, marchi, brevetti, segreti commerciali e altre propriet\u00e0 intellettuali o diritti di propriet\u00e0. E' fatto divieto di copiare, modificare, riprodurre, scaricare o distribuire in alcun modo materiale, in tutto o in parte, senza l'espresso consenso scritto di Sky Reachers, salvo ed eccetto quanto espressamente previsto nei presenti Termini e Condizioni. \u00c8 vietato qualsiasi utilizzo non autorizzato del materiale.<\/span><\/p><p><b>Garanzia e Responsabilit\u00e0<\/b><\/p><p><span style=\"font-weight: 400;\">Tutti i materiali, inclusi i servizi scaricabili, contenuti nel Sito Web della Societ\u00e0 sono forniti \u00abcos\u00ec come sono\u00bb e senza garanzie di alcun tipo nelle misure consentite dalla legge applicabile. La Societ\u00e0 non garantisce in alcun modo l'accesso ininterrotto al Sito della Societ\u00e0. Sebbene la Societ\u00e0 si impegni a mettere in atto ogni ragionevole sforzo per fornire informazioni affidabili attraverso il proprio Sito Web, la Societ\u00e0 non garantisce che il presente Sito Web sia privo di imprecisioni, errori e\/o omissioni, virus, worm, cavalli di Troia e simili, o che il suo contenuto sia appropriato per il tuo uso particolare o aggiornato. La Societ\u00e0 si riserva il diritto di modificare le informazioni in qualsiasi momento e senza alcun preavviso. La Societ\u00e0 non garantisce alcun risultato derivante dall'uso di qualsiasi materiale, inclusi i servizi scaricabili, disponibile su questo Sito Web.<\/span><\/p><p><span style=\"font-weight: 400;\">Sei l'unico responsabile per qualsiasi uso dei materiali contenuti in questo sito web.<\/span><\/p><p><span style=\"font-weight: 400;\">Le informazioni contenute nel prsente Sito Web non estendono n\u00e9 modificano la garanzia potenzialmente applicabile all'utente a seguito di un rapporto contrattuale con la Societ\u00e0. La Societ\u00e0 non sar\u00e0 ritenuta responsabile per eventuali danni indiretti, consequenziali o incidentali, inclusi, a titolo esemplificativo ma non esaustivo, perdita di profitti o ricavi, interruzione dell'attivit\u00e0, perdita di dati derivanti da o in connessione con l'uso di, impossibilit\u00e0 di utilizzare o fare affidamento su qualsiasi materiale contenuto nel presnte Sito Web o qualsiasi Sito Web collegato.<\/span><\/p><p><b>Modifiche ai Termini e Condizioni<\/b><\/p><p><span style=\"font-weight: 400;\">La Societ\u00e0 si riserva il diritto di modificare i Termini e le Condizioni in base ai quali viene offerto il presente Sito Web in qualsiasi momento e senza alcun preavviso. Nel momento in cui utilizzi questo Sito Web sei automaticamente vincolato da dette modifiche, per questo motivo dovresti leggere periodicamente i Termini e Condizioni.<\/span><\/p><p><b>Indennizzo<\/b><\/p><p><span style=\"font-weight: 400;\">Con la presente l'tente si impegna a indennizzare, difendere e mantenere indenne Sky Reachers e tutti i suoi predecessori, successori, genitori, filiali, affiliati, funzionari, direttori, azionisti, investitori, dipendenti, agenti, rappresentanti e avvocati e i loro rispettivi eredi, successori e assegnatari (collettivamente , le \"Parti Indennizzate\") da e contro ogni e qualsiasi responsabilit\u00e0 e costo, comprese, a titolo esemplificativo, ragionevoli spese legali, sostenute da una o tutte le Parti Indennizzate in relazione a qualsiasi pretesa derivante da o relativa a (i) l'accesso o l'utilizzo del Sito Web, o (ii) qualsiasi violazione da parte dell'utente dei presenti Termini e Condizioni o delle dichiarazioni, garanzie e patti che hai stipulato accettando i presenti Termini e Condizioni. L'Utente deve cooperare nel pieno rispetto della ragionevolezza necessaria per difendere qualsiasi reclamo. Sky Reachers si riserva il diritto, a proprie spese, di assumere l'esclusiva difesa e il controllo di qualsiasi materia soggetta a indennizzo da parte dell'utente.<\/span><\/p><p><b>Dichiarazione di Esclusione di Responsabilit\u00e0<\/b><\/p><p><span style=\"font-weight: 400;\">IL CONTENUTO E LA FUNZIONALIT\u00c0 DEL SITO WEB SONO FORNITI CON LA COMPRENSIONE CHE CON IL PRESENTE DOCUMENTO SKY REACHERS NON \u00c8 IMPEGNATA A FORNIRE CONSULENZE E SERVIZI PROFESSIONALI ALL'UTENTE. TUTTI I CONTENUTI E LE FUNZIONALIT\u00c0 DEL SITO WEB SONO FORNITI \"COS\u00cc COME SONO\", SENZA ALCUN TIPO DI GARANZIA, ESPRESSA O IMPLICITA, INCLUSE, A TITOLO ESEMPLIFICATIVO, GARANZIE IMPLICITE DI COMMERCIABILIT\u00c0 E IDONEIT\u00c0 PER UNO SCOPO PARTICOLARE. SKY REACHER E FORNITORI DI CONTENUTI DI TERZE PARTI NON FORNISCONO ALCUNA GARANZIA, ESPRESSA O IMPLICITA, RELATIVAMENTE ALLA PROPRIET\u00c0, ALL'ACCURATEZZA O ALL'ADEGUATEZZA DEL CONTENUTO DEL SITO WEB. SKY REACHERS NON HA ALCUNA RESPONSABILIT\u00c0 PER QUALSIASI INFORMAZIONE PUBBLICATA SU SITI WEB COLLEGATI, CONTENUTA IN QUALSIASI ELEMENTO PUBBLICATO SUL SITO WEB O FORNITA DA TERZI. N\u00c9 SKY REACHER N\u00c9 I SUOI FORNITORI DI CONTENUTI DI TERZE PARTI SARANNO RESPONSABILI PER ALCUN DANNO DIRETTO, INDIRETTO, ACCIDENTALE, CONSEQUENZIALE O PUNITIVO O PER LA PERDITA DI RICAVI O PROFITTI, SE INFORMATI O NON DELLA POSSIBILIT\u00c0 DI TALI DANNI O PERDITE E INDIPENDENTEMENTE DALLA TEORIA DI RESPONSABILIT\u00c0.<\/span><\/p><p><b>Avviso di Controversia<\/b><\/p><p><span style=\"font-weight: 400;\">In caso di controversia, tu o Sky Reachers siete tenuti a fornire all'altra parte un Avviso di Controversia, vale a sire una dichiarazione scritta che indica il nome, l'indirizzo e le informazioni di contatto della parte attuante, i fatti che hanno dato origine alla controversia, e l'indennizzo richiesto. \u00c8 necessario inviare qualsiasi Avviso di Controversia via email a: info@sky-reachers.com. <\/span><a href=\"mailto:info@sky-reachers.com\"><span style=\"font-weight: 400;\">info@sky-reachers.com<\/span><\/a><span style=\"font-weight: 400;\">. Sky Reachers ti invier\u00e0 qualsiasi Avviso di Controversia per posta al tuo indirizzo se in nostro possesso, altrimenti al tuo indirizzo email. Tu e Sky Reachers cercherete di risolvere qualsiasi controversia attraverso una negoziazione informale entro sessanta (60) giorni dall'invio dell'Avviso di Controversia. Dopo sessanta (60) giorni, tu o Sky Reachers potrete richiedere l'arbitrato.<\/span><\/p><p><b>Arbitrato Vincolante<\/b><\/p><p><span style=\"font-weight: 400;\">Supponiamo che tu e Sky Reachers non risolviaate alcuna controversia tramite negoziazione informale. In tal caso, qualsiasi altro sforzo per risolvere la controversia sar\u00e0 condotto esclusivamente mediante arbitrato vincolante come descritto nella presente sezione. Stai rinunciando al diritto di contenzioso (o di partecipare come membro di una parte o di una classe). La controversia sar\u00e0 risolta mediante arbitrato vincolante in conformit\u00e0 con le regole dell'arbitrato commerciale delle Leggi e Regolamenti sull'Arbitrato Internazionale in Irlanda. Ciascuna parte pu\u00f2 RIchiedere qualsiasi provvedimento ingiuntivo provvisorio o preliminare a qualsiasi tribunale della giurisdizione competente, se Qci\u00f2 \u00e8 ritenuto necessario per proteggere i diritti o la propriet\u00e0 della parte in attesa del completamento dell'arbitrato. Tutti i costi, le tasse e le spese legali, contabili e di altro tipo, sostenuti dalla parte prevalente saranno a carico della parte non prevalente.<\/span><\/p><p><b>Legge Applicabile e Giurisdizione<\/b><\/p><p><span style=\"font-weight: 400;\">I presenti Termini e Condizioni sono regolati dalla normativa dell'Irlanda, senza fare riferimento ai principi di conflitto di leggi degli stessi. Qualsiasi controversia derivante dai presenti Termini e Condizioni sar\u00e0 risolta esclusivamente nei tribunali dell'Irlanda.<\/span><\/p><p><span style=\"font-weight: 400;\">Per qualsiasi domanda non esitare a contattarci.<\/span><\/p><p><span style=\"font-weight: 400;\">Telefono \u2013 <a href=\"tel: 3531800816073\">+3531800816073<\/a><\/span><\/p><p><span style=\"font-weight: 400;\">Email \u2013 <\/span><a href=\"mailto:info@sky-reachers.com\"><span style=\"font-weight: 400;\">info@sky-reachers.com<\/span><\/a><\/p><p><span style=\"font-weight: 400;\">Modulo di contatto \u2013 <\/span><a href=\"https:\/\/sky-reachers.com\/it\/contact-us\/\"><span style=\"font-weight: 400;\">https:\/\/sky-reachers.com\/contact-us\/<\/span><\/a><\/p>\t\t\t\t\t\t<\/div>\n\t\t\t\t<\/div>\n\t\t\t\t\t<\/div>\n\t\t<\/div>\n\t\t\t\t\t\t\t<\/div>\n\t\t<\/section>\n\t\t\t\t\t<\/div>\n\t\t<\/div>\n\t\t\t\t\t\t\t<\/div>\n\t\t<\/section>\n\t\t\t\t\t\t<\/div>\n\t\t\t\t\t<\/div>","protected":false},"excerpt":{"rendered":"<p>These Terms and Conditions (&#8220;Terms and Conditions&#8221;) apply to your use of and registration with https:\/\/sky-reachers.com (\u201cWebsite\u201d). PLEASE READ THESE TERMS AND CONDITIONS BEFORE ACCESSING, BROWSING, OR OTHERWISE USING THE WEBSITE Your access to browsing, review and use of the Website is subject to these Terms and Conditions and all applicable laws. By accessing and [&hellip;]<\/p>","protected":false},"author":1,"featured_media":0,"parent":0,"menu_order":0,"comment_status":"closed","ping_status":"open","template":"elementor_header_footer","meta":{"om_disable_all_campaigns":false,"footnotes":""},"class_list":["post-574","page","type-page","status-publish","hentry"],"yoast_head":"<!-- This site is optimized with the Yoast SEO plugin v17.9 - https:\/\/yoast.com\/wordpress\/plugins\/seo\/ -->\n<title>Terms &amp; Conditions - Sky Reachers<\/title>\n<meta name=\"robots\" content=\"index, follow, max-snippet:-1, max-image-preview:large, max-video-preview:-1\" \/>\n<link rel=\"canonical\" href=\"https:\/\/sky-reachers.com\/it\/terms-conditions\/\" \/>\n<meta property=\"og:locale\" content=\"it_IT\" \/>\n<meta property=\"og:type\" content=\"article\" \/>\n<meta property=\"og:title\" content=\"Terms &amp; Conditions - Sky Reachers\" \/>\n<meta property=\"og:description\" content=\"These Terms and Conditions (&#8220;Terms and Conditions&#8221;) apply to your use of and registration with https:\/\/sky-reachers.com (\u201cWebsite\u201d). PLEASE READ THESE TERMS AND CONDITIONS BEFORE ACCESSING, BROWSING, OR OTHERWISE USING THE WEBSITE Your access to browsing, review and use of the Website is subject to these Terms and Conditions and all applicable laws. By accessing and [&hellip;]\" \/>\n<meta property=\"og:url\" content=\"https:\/\/sky-reachers.com\/it\/terms-conditions\/\" \/>\n<meta property=\"og:site_name\" content=\"Sky Reachers\" \/>\n<meta property=\"article:modified_time\" content=\"2022-12-28T12:25:15+00:00\" \/>\n<meta property=\"og:image\" content=\"https:\/\/sky-reachers.com\/wp-content\/uploads\/2022\/01\/skyreachers_metatag_1024-515.png\" \/>\n\t<meta property=\"og:image:width\" content=\"1024\" \/>\n\t<meta property=\"og:image:height\" content=\"515\" \/>\n\t<meta property=\"og:image:type\" content=\"image\/png\" \/>\n<meta name=\"twitter:card\" content=\"summary_large_image\" \/>\n<meta name=\"twitter:label1\" content=\"Tempo di lettura stimato\" \/>\n\t<meta name=\"twitter:data1\" content=\"8 minuti\" \/>\n<script type=\"application\/ld+json\" class=\"yoast-schema-graph\">{\"@context\":\"https:\/\/schema.org\",\"@graph\":[{\"@type\":\"Organization\",\"@id\":\"https:\/\/sky-reachers.com\/#organization\",\"name\":\"Sky Research\",\"url\":\"https:\/\/sky-reachers.com\/\",\"sameAs\":[],\"logo\":{\"@type\":\"ImageObject\",\"@id\":\"https:\/\/sky-reachers.com\/#logo\",\"inLanguage\":\"it-IT\",\"url\":\"https:\/\/sky-reachers.com\/wp-content\/uploads\/2022\/01\/logo-1.svg\",\"contentUrl\":\"https:\/\/sky-reachers.com\/wp-content\/uploads\/2022\/01\/logo-1.svg\",\"width\":160,\"height\":32,\"caption\":\"Sky Research\"},\"image\":{\"@id\":\"https:\/\/sky-reachers.com\/#logo\"}},{\"@type\":\"WebSite\",\"@id\":\"https:\/\/sky-reachers.com\/#website\",\"url\":\"https:\/\/sky-reachers.com\/\",\"name\":\"Sky Reachers\",\"description\":\"\",\"publisher\":{\"@id\":\"https:\/\/sky-reachers.com\/#organization\"},\"potentialAction\":[{\"@type\":\"SearchAction\",\"target\":{\"@type\":\"EntryPoint\",\"urlTemplate\":\"https:\/\/sky-reachers.com\/?s={search_term_string}\"},\"query-input\":\"required name=search_term_string\"}],\"inLanguage\":\"it-IT\"},{\"@type\":\"WebPage\",\"@id\":\"https:\/\/sky-reachers.com\/terms-conditions\/#webpage\",\"url\":\"https:\/\/sky-reachers.com\/terms-conditions\/\",\"name\":\"Terms & Conditions - Sky Reachers\",\"isPartOf\":{\"@id\":\"https:\/\/sky-reachers.com\/#website\"},\"datePublished\":\"2022-01-26T08:20:31+00:00\",\"dateModified\":\"2022-12-28T12:25:15+00:00\",\"breadcrumb\":{\"@id\":\"https:\/\/sky-reachers.com\/terms-conditions\/#breadcrumb\"},\"inLanguage\":\"it-IT\",\"potentialAction\":[{\"@type\":\"ReadAction\",\"target\":[\"https:\/\/sky-reachers.com\/terms-conditions\/\"]}]},{\"@type\":\"BreadcrumbList\",\"@id\":\"https:\/\/sky-reachers.com\/terms-conditions\/#breadcrumb\",\"itemListElement\":[{\"@type\":\"ListItem\",\"position\":1,\"name\":\"Home\",\"item\":\"https:\/\/sky-reachers.com\/\"},{\"@type\":\"ListItem\",\"position\":2,\"name\":\"Terms &#038; Conditions\"}]}]}<\/script>\n<!-- \/ Yoast SEO plugin. -->","yoast_head_json":{"title":"Terms & Conditions - Sky Reachers","robots":{"index":"index","follow":"follow","max-snippet":"max-snippet:-1","max-image-preview":"max-image-preview:large","max-video-preview":"max-video-preview:-1"},"canonical":"https:\/\/sky-reachers.com\/it\/terms-conditions\/","og_locale":"it_IT","og_type":"article","og_title":"Terms & Conditions - Sky Reachers","og_description":"These Terms and Conditions (&#8220;Terms and Conditions&#8221;) apply to your use of and registration with https:\/\/sky-reachers.com (\u201cWebsite\u201d). PLEASE READ THESE TERMS AND CONDITIONS BEFORE ACCESSING, BROWSING, OR OTHERWISE USING THE WEBSITE Your access to browsing, review and use of the Website is subject to these Terms and Conditions and all applicable laws. By accessing and [&hellip;]","og_url":"https:\/\/sky-reachers.com\/it\/terms-conditions\/","og_site_name":"Sky Reachers","article_modified_time":"2022-12-28T12:25:15+00:00","og_image":[{"width":1024,"height":515,"url":"https:\/\/sky-reachers.com\/wp-content\/uploads\/2022\/01\/skyreachers_metatag_1024-515.png","type":"image\/png"}],"twitter_card":"summary_large_image","twitter_misc":{"Tempo di lettura stimato":"8 minuti"},"schema":{"@context":"https:\/\/schema.org","@graph":[{"@type":"Organization","@id":"https:\/\/sky-reachers.com\/#organization","name":"Sky Research","url":"https:\/\/sky-reachers.com\/","sameAs":[],"logo":{"@type":"ImageObject","@id":"https:\/\/sky-reachers.com\/#logo","inLanguage":"it-IT","url":"https:\/\/sky-reachers.com\/wp-content\/uploads\/2022\/01\/logo-1.svg","contentUrl":"https:\/\/sky-reachers.com\/wp-content\/uploads\/2022\/01\/logo-1.svg","width":160,"height":32,"caption":"Sky Research"},"image":{"@id":"https:\/\/sky-reachers.com\/#logo"}},{"@type":"WebSite","@id":"https:\/\/sky-reachers.com\/#website","url":"https:\/\/sky-reachers.com\/","name":"Sky Reachers","description":"","publisher":{"@id":"https:\/\/sky-reachers.com\/#organization"},"potentialAction":[{"@type":"SearchAction","target":{"@type":"EntryPoint","urlTemplate":"https:\/\/sky-reachers.com\/?s={search_term_string}"},"query-input":"required name=search_term_string"}],"inLanguage":"it-IT"},{"@type":"WebPage","@id":"https:\/\/sky-reachers.com\/terms-conditions\/#webpage","url":"https:\/\/sky-reachers.com\/terms-conditions\/","name":"Terms & Conditions - Sky Reachers","isPartOf":{"@id":"https:\/\/sky-reachers.com\/#website"},"datePublished":"2022-01-26T08:20:31+00:00","dateModified":"2022-12-28T12:25:15+00:00","breadcrumb":{"@id":"https:\/\/sky-reachers.com\/terms-conditions\/#breadcrumb"},"inLanguage":"it-IT","potentialAction":[{"@type":"ReadAction","target":["https:\/\/sky-reachers.com\/terms-conditions\/"]}]},{"@type":"BreadcrumbList","@id":"https:\/\/sky-reachers.com\/terms-conditions\/#breadcrumb","itemListElement":[{"@type":"ListItem","position":1,"name":"Home","item":"https:\/\/sky-reachers.com\/"},{"@type":"ListItem","position":2,"name":"Terms &#038; Conditions"}]}]}},"_links":{"self":[{"href":"https:\/\/sky-reachers.com\/it\/wp-json\/wp\/v2\/pages\/574","targetHints":{"allow":["GET"]}}],"collection":[{"href":"https:\/\/sky-reachers.com\/it\/wp-json\/wp\/v2\/pages"}],"about":[{"href":"https:\/\/sky-reachers.com\/it\/wp-json\/wp\/v2\/types\/page"}],"author":[{"embeddable":true,"href":"https:\/\/sky-reachers.com\/it\/wp-json\/wp\/v2\/users\/1"}],"replies":[{"embeddable":true,"href":"https:\/\/sky-reachers.com\/it\/wp-json\/wp\/v2\/comments?post=574"}],"version-history":[{"count":0,"href":"https:\/\/sky-reachers.com\/it\/wp-json\/wp\/v2\/pages\/574\/revisions"}],"wp:attachment":[{"href":"https:\/\/sky-reachers.com\/it\/wp-json\/wp\/v2\/media?parent=574"}],"curies":[{"name":"wp","href":"https:\/\/api.w.org\/{rel}","templated":true}]}}