{"id":3,"date":"2022-01-20T08:20:38","date_gmt":"2022-01-20T08:20:38","guid":{"rendered":"https:\/\/sky-reachers.com\/?page_id=3"},"modified":"2022-12-28T12:38:03","modified_gmt":"2022-12-28T12:38:03","slug":"privacy-policy","status":"publish","type":"page","link":"https:\/\/sky-reachers.com\/it\/privacy-policy\/","title":{"rendered":"Informativa sulla Privacy"},"content":{"rendered":"<div data-elementor-type=\"wp-page\" data-elementor-id=\"3\" class=\"elementor elementor-3\" data-elementor-settings=\"[]\">\n\t\t\t\t\t\t\t<div class=\"elementor-section-wrap\">\n\t\t\t\t\t\t\t<section class=\"elementor-section elementor-top-section elementor-element elementor-element-6624eecc elementor-section-boxed elementor-section-height-default elementor-section-height-default\" data-id=\"6624eecc\" data-element_type=\"section\" data-settings=\"{&quot;background_background&quot;:&quot;classic&quot;}\">\n\t\t\t\t\t\t\t<div class=\"elementor-background-overlay\"><\/div>\n\t\t\t\t\t\t\t<div class=\"elementor-container elementor-column-gap-default\">\n\t\t\t\t\t<div class=\"elementor-column elementor-col-100 elementor-top-column elementor-element elementor-element-7ddad828\" data-id=\"7ddad828\" data-element_type=\"column\">\n\t\t\t<div class=\"elementor-widget-wrap elementor-element-populated\">\n\t\t\t\t\t\t\t\t<section class=\"elementor-section elementor-inner-section elementor-element elementor-element-25834e53 elementor-section-boxed elementor-section-height-default elementor-section-height-default\" data-id=\"25834e53\" data-element_type=\"section\">\n\t\t\t\t\t\t<div class=\"elementor-container elementor-column-gap-default\">\n\t\t\t\t\t<div class=\"elementor-column elementor-col-100 elementor-inner-column elementor-element elementor-element-18a66ed7\" data-id=\"18a66ed7\" data-element_type=\"column\">\n\t\t\t<div class=\"elementor-widget-wrap elementor-element-populated\">\n\t\t\t\t\t\t\t\t<div class=\"elementor-element elementor-element-8bc3053 cont elementor-widget elementor-widget-text-editor\" data-id=\"8bc3053\" data-element_type=\"widget\" data-widget_type=\"text-editor.default\">\n\t\t\t\t<div class=\"elementor-widget-container\">\n\t\t\t<style>\/*! elementor - v3.5.3 - 28-12-2021 *\/\n.elementor-widget-text-editor.elementor-drop-cap-view-stacked .elementor-drop-cap{background-color:#818a91;color:#fff}.elementor-widget-text-editor.elementor-drop-cap-view-framed .elementor-drop-cap{color:#818a91;border:3px solid;background-color:transparent}.elementor-widget-text-editor:not(.elementor-drop-cap-view-default) .elementor-drop-cap{margin-top:8px}.elementor-widget-text-editor:not(.elementor-drop-cap-view-default) .elementor-drop-cap-letter{width:1em;height:1em}.elementor-widget-text-editor .elementor-drop-cap{float:left;text-align:center;line-height:1;font-size:50px}.elementor-widget-text-editor .elementor-drop-cap-letter{display:inline-block}<\/style>\t\t\t\t<p><span style=\"font-weight: 400;\">Questa pagina illustra come Gelinar Limited e\/o le sue affiliate (\"Sky Reachers\" o \"noi\") si impegnano a proteggere la privacy delle informazioni di identificazione personale che raccogliamo mentre utilizzi il presente sito web. La portata dell'impegno di Sky Reachers \u00e8 dettagliata nella presente Informativa sulla Privacy. Nel momento in cui l'utente invii alle informazioni accetta l'utilizzo di tali informazioni da parte di Sky Reachers come descritto nel presente documento. Consulta i nostri Termini e Condizioni per ulteriori informazioni sulle nostre politiche online in generale.<\/span><\/p><p><b>Per questa Informativa sulla Privacy:<\/b><\/p><ul><li style=\"font-weight: 400;\" aria-level=\"1\"><span style=\"font-weight: 400;\">Cookie: piccola quantit\u00e0 di dati generati da un sito web e salvati dal tuo browser. Il cookie viene utilizzato per identificare il browser, fornire dati analitici, ricordare informazioni che ti riguardano come ad esempio le preferenze linguistiche o le informazioni di accesso.<\/span><\/li><\/ul><ul><li style=\"font-weight: 400;\" aria-level=\"1\"><span style=\"font-weight: 400;\">Company: when this policy mentions &#8220;Company,&#8221; &#8220;we,&#8221; &#8220;us,&#8221; or &#8220;our,&#8221; it refers to Gelinar Limited (Office 2, 12a Lower Main Street, Lucan, Dublin, K78 X5P8, Republic of Ireland) that is responsible for your information under this Terms and Conditions.<\/span><\/li><\/ul><ul><li style=\"font-weight: 400;\" aria-level=\"1\"><span style=\"font-weight: 400;\">Paese: dove hanno sede Sky Reachers o i proprietari\/fondatori di Sky Reachers, in questo caso l'Irlanda.<\/span><\/li><\/ul><ul><li style=\"font-weight: 400;\" aria-level=\"1\"><span style=\"font-weight: 400;\">Dispositivo: qualsiasi dispositivo connesso a Internet come telefono, tablet, computer o altri dispositivi che possono essere utilizzati per visitare Sky Reachers e utilizzarne i servizi.<\/span><\/li><\/ul><ul><li style=\"font-weight: 400;\" aria-level=\"1\"><span style=\"font-weight: 400;\">Servizio: si riferisce al Servizio fornito da Sky Reachers come descritto nei relativi termini (se disponibili) e su questa piattaforma.<\/span><\/li><\/ul><ul><li style=\"font-weight: 400;\" aria-level=\"1\"><span style=\"font-weight: 400;\">Servizio di terze parti: si riferisce a inserzionisti, sponsor di concorsi, partner promozionali e di marketing e altri interlocutori che forniscono i nostri contenuti o i cui prodotti o servizi riteniamo possano interessarti.<\/span><\/li><\/ul><ul><li style=\"font-weight: 400;\" aria-level=\"1\"><span style=\"font-weight: 400;\">Sito Web: sito di Gelinar Limited, a cui \u00e8 possibile accedere tramite l'URL: https:\/\/sky-reachers.com<\/span><\/li><\/ul><ul><li style=\"font-weight: 400;\" aria-level=\"1\"><span style=\"font-weight: 400;\">Tu: persona o entit\u00e0 registrata con Sky Reachers per utilizzare i Servizi.<\/span><\/li><\/ul><p><b>Perch\u00e9 vengono raccolti i dati personali?<\/b><\/p><p><span style=\"font-weight: 400;\">Sky Reachers raccoglie informazioni personali su determinate aree del Sito Web nel momento in cui gli utenti si registrano, richiedono informazioni o una risposta, si iscrivono a eventi, si candidano per lavori e partecipano ad aree di pubblicazione dedicate agli utenti come bacheche elettroniche, forum di discussione, blog e sondaggi. Le informazioni personali raccolte possono includere, a titolo esemplificativo, affiliazioni aziendali o scolastiche e informazioni di contatto (nomi, indirizzi postali ed -mail, numeri di telefono\/fax).<\/span><\/p><p><b>Come possono essere utilizzate le mie informazioni personali?<\/b><\/p><p><span style=\"font-weight: 400;\">Sky Reachers utilizza le tue informazioni personali raccolte dalla compilazione dei moduli, dai cookie e dagli indirizzi IP per:<\/span><\/p><ul><li style=\"font-weight: 400;\" aria-level=\"1\"><span style=\"font-weight: 400;\">Soddisfare le tue richieste di informazioni;<\/span><\/li><li style=\"font-weight: 400;\" aria-level=\"1\"><span style=\"font-weight: 400;\">Elaborare le tue richieste di partecipazione agli eventi;<\/span><\/li><li style=\"font-weight: 400;\" aria-level=\"1\"><span style=\"font-weight: 400;\">Personalizzare la tua esperienza;<\/span><\/li><li style=\"font-weight: 400;\" aria-level=\"1\"><span style=\"font-weight: 400;\">Esaminare, considerare e contattare l'utente per qualsiasi domanda relativa all'occupazione lavorativa o alle vendite.<\/span><\/li><li style=\"font-weight: 400;\" aria-level=\"1\"><span style=\"font-weight: 400;\">Analizzare il comportamento degli utenti del sito, al fine di misurare l'interesse per articoli specifici pubblicati sul nostro Sito Web;<\/span><\/li><li style=\"font-weight: 400;\" aria-level=\"1\"><span style=\"font-weight: 400;\">Inviare notizie, offerte speciali e informazioni generali su beni, servizi ed eventi in base alle aree di interesse per le quali hai gi\u00e0 richiesto informazioni, a meno che tu non abbia scelto di non ricevere tali informazioni.<\/span><\/li><\/ul><p><b>Per quanto tempo i miei dati vengono conservati?<\/b><\/p><p><span style=\"font-weight: 400;\">Conserveremo i tuoi dati finch\u00e9 durer\u00e0 il nostro rapporto contrattuale e\/o commerciale fintantoch\u00e9 sei un cliente esistente. Potremmo quindi inserire i tuoi dati in un database intermediario per cinque (5) anni dopo la durata del nostro rapporto contrattuale e\/o commerciale.<\/span><\/p><p><span style=\"font-weight: 400;\">Se sei un potenziale cliente senza un rapporto contrattuale e\/o commerciale stabilito, non conserveremo i tuoi dati per pi\u00f9 di tre (3) anni dall'ultima volta che ci hai contattato.<\/span><\/p><p><span style=\"font-weight: 400;\">Infine, le informazioni di registro che potremmo raccogliere per gli scopi di sicurezza, manutenzione e miglioramento sopra menzionati non verranno conservate per pi\u00f9 di un (1) anno dopo la loro raccolta.<\/span><\/p><p><b>I Diritti dell'Utente<\/b><\/p><p><span style=\"font-weight: 400;\">A seconda di dove risiedi, potresti avere facolt\u00e0 di determinati diritti sui dati che Sky Reachers conserva su di te. Ad esempio, potresti avere il diritto di richiedere le tue informazioni, ottenerne una copia o chiedere informazioni su come utilizziamo le tue informazioni personali. Hai il diritto di richiedere la correzione di informazioni errate, imprecise o non aggiornate che ti riguardano. Potresti anche avere il diritto di richiedere l'interruzione del trattamento delle tue informazioni e\/o di revocare il tuo consenso a tale trattamento e chiederci di eliminare le tue informazioni.<\/span><\/p><p><span style=\"font-weight: 400;\">Per quanto sopra, contattaci all'indirizzo info@sky-reachers.com oppure al numero  +3531800816073 per maggiori informazioni e invia la tua richiesta.<\/span><\/p><p><b>Utilizzo del Sito Web da parte di bambini<\/b><\/p><p><span style=\"font-weight: 400;\">Non vendiamo prodotti e non forniamo servizi per l'acquisto da parte di bambini, n\u00e9 commercializziamo ai bambini. Se hai meno di 18 anni puoi utilizzare il nostro Sito Web solo con il consenso di un genitore o tutore. Raccogliamo dati su tutti gli utenti e visitatori di queste aree, indipendentemente dall'et\u00e0, ed \u00e8 possibile che alcuni di questi utenti e visitatori siano bambini. Tali utenti e visitatori minori visiteranno inevitabilmente altre parti del Sito Web e saranno soggetti a qualsiasi marketing presente, ovunque visitino.<\/span><\/p><p><b>Crittografia dei dati inviati tra di noi<\/b><\/p><p><span style=\"font-weight: 400;\">Utilizziamo i certificati Secure Sockets Layer (SSL) per verificare la nostra identit\u00e0 sul tuo browser e crittografare tutti i dati che ci fornisci. Puoi verificare che alcuni utenti e visitatori possano utilizzare i certificati SSL nel momento in cui le informazioni vengono trasferite tra di noi cercando un simbolo di lucchetto chiuso o altri segni di fiducia nella barra degli URL o nella barra degli strumenti del tuo browser.<\/span><\/p><p><b>Siti Web di Terze Parti<\/b><\/p><p><span style=\"font-weight: 400;\">Il Sito Web Sky Reachers pu\u00f2 fornire link a Siti Web di Terze Parti. Capgemini non rilascia alcuna dichiarazione o garanzia in relazione a tali Siti Web di terze parti. Dovresti essere consapevoli del fatto che i proprietari e gli operatori di tali Siti Web di terze parti potrebbero raccogliere, utilizzare o trasferire dati personali in ottemperanza di Termini e Condizioni diversi da quelli di Sky Reachers. Al momento del collegamento a un Sito Web di terze parti \u00e8 necessario informarsi sull'Informativa sulla Privacy attuata da tali Siti Web di terze parti.<\/span><\/p><p><b>Legislazione Vigente<\/b><\/p><p><span style=\"font-weight: 400;\">La legislazione dell'Irlanda regola la presente Informativa sulla Privacy indipendentemente dalla disposizione sul conflitto di leggi. Acconsenti alla giurisdizione esclusiva dei tribunali in relazione a qualsiasi azione o controversia insorta tra le parti ai sensi o in connessione con la presente Informativa sulla Privacy.<\/span><\/p><p><span style=\"font-weight: 400;\">La legislazione dell'Irlanda, escluse le norme sui conflitti di legge, regoleranno il presente Accordo e l'utilizzo del sito web da parte dell'utente. L'utilizzo del Sito Web pu\u00f2 anche essere soggetto ad altre leggi locali, statali, nazionali o internazionali.<\/span><\/p><p><span style=\"font-weight: 400;\">Utilizzando Sky Reachers o contattandoci direttamente, dichiari di accettare la presente Informativa sulla Privacy. Se non accetti la presente Informativa sulla Privacy non dovresti interagire con il nostro Sito Web o utilizzare i nostri servizi. Continuare nell'utilizzo del Sito Web, l'impegno diretto con noi o in seguito alla pubblicazione di modifiche alla presente Informativa sulla Privacy che non influiscono in modo significativo sull'uso o sulla divulgazione delle informazioni personali dell'utente significher\u00e0 l'accettazione di tali modifiche.<\/span><\/p><p><span style=\"font-weight: 400;\">I<\/span><b>Informativa sul Regolamento Generale sulla Protezione dei Dati (GDPR)<\/b><\/p><p><span style=\"font-weight: 400;\">Potremmo raccogliere e utilizzare le tue informazioni dallo Spazio Economico Europeo (SEE). Questa sezione della presente Informativa sulla Privacy illustrer\u00e0 esattamente come e perch\u00e9 questi dati vengono raccolti e come manteniamo questi dati protetti dalla replicazione o dall'uso errato.<\/span><\/p><p><span style=\"font-weight: 400;\">Il GDPR \u00e8 una legge sulla privacy e sulla protezione dei dati a livello europeo che regola le modalit\u00e0 in cui i dati dei residenti nell'UE sono protetti dalle societ\u00e0 e il controllo dei residenti nell'UE sui propri dati.<\/span><\/p><p><span style=\"font-weight: 400;\">Il GDPR \u00e8 rilevante per qualsiasi azienda operante a livello globale e non solo per le imprese con sede nell'UE e per i residenti nell'UE. I dati dei nostri clienti sono importanti indipendentemente da dove si trovino, motivo per cui abbiamo implementato i controlli GDPR come standard di base per tutte le nostre operazioni in tutto il mondo.<\/span><\/p><p><b>Notifica di modifiche alla presente Informativa sulla Privacy.<\/b><\/p><p><span style=\"font-weight: 400;\">La presente Informativa \u00e8 stata aggiornata l'ultima volta il 25 gennaio 2022. Potremmo modificare periodicamente la presente Informativa per stare al passo con le nuove tecnologie, le pratiche del settore e i requisiti normativi, tra gli altri motivi.  Ci aspettiamo che la maggior parte di tali modifiche siano di entit\u00e0 minore.  Quando avremo bisogno di apportare modifiche sostanziali alla nostra Informativa sulla Privacy, pubblicheremo un avviso in evidenza sulla home page del Sito Web prima che la modifica diventi effettiva.<\/span><\/p><p><span style=\"font-weight: 400;\">Per qualsiasi domanda non esitare a contattarci.<\/span><\/p><p><span style=\"font-weight: 400;\">Telefono \u2013 <a href=\"tel: 3531800816073\">+3531800816073<\/a><\/span><\/p><p><span style=\"font-weight: 400;\">Email \u2013 <\/span><a href=\"mailto:info@sky-reachers.com\"><span style=\"font-weight: 400;\">info@sky-reachers.com<\/span><\/a><\/p><p><span style=\"font-weight: 400;\">Modulo di contatto \u2013 <\/span><a href=\"https:\/\/sky-reachers.com\/it\/contact-us\/\"><span style=\"font-weight: 400;\">https:\/\/sky-reachers.com\/contact-us\/<\/span><\/a><\/p>\t\t\t\t\t\t<\/div>\n\t\t\t\t<\/div>\n\t\t\t\t\t<\/div>\n\t\t<\/div>\n\t\t\t\t\t\t\t<\/div>\n\t\t<\/section>\n\t\t\t\t\t<\/div>\n\t\t<\/div>\n\t\t\t\t\t\t\t<\/div>\n\t\t<\/section>\n\t\t\t\t\t\t<\/div>\n\t\t\t\t\t<\/div>","protected":false},"excerpt":{"rendered":"<p>This page outlines how Gelinar Limited and\/or its affiliates (\u201cSky Reachers\u201d or \u201cwe\u201d) are committed to protecting the privacy of the personally identifiable information that we collect from you as you use this website. The scope of Sky Reachers\u2019 commitment is detailed in this Privacy Policy. You agree to Sky Reachers\u2019 use of such information [&hellip;]<\/p>","protected":false},"author":1,"featured_media":0,"parent":0,"menu_order":0,"comment_status":"closed","ping_status":"open","template":"elementor_header_footer","meta":{"om_disable_all_campaigns":false,"footnotes":""},"class_list":["post-3","page","type-page","status-publish","hentry"],"yoast_head":"<!-- This site is optimized with the Yoast SEO plugin v17.9 - https:\/\/yoast.com\/wordpress\/plugins\/seo\/ -->\n<title>Privacy Policy - Sky Reachers<\/title>\n<meta name=\"robots\" content=\"index, follow, max-snippet:-1, max-image-preview:large, max-video-preview:-1\" \/>\n<link rel=\"canonical\" href=\"https:\/\/sky-reachers.com\/it\/privacy-policy\/\" \/>\n<meta property=\"og:locale\" content=\"it_IT\" \/>\n<meta property=\"og:type\" content=\"article\" \/>\n<meta property=\"og:title\" content=\"Privacy Policy - Sky Reachers\" \/>\n<meta property=\"og:description\" content=\"This page outlines how Gelinar Limited and\/or its affiliates (\u201cSky Reachers\u201d or \u201cwe\u201d) are committed to protecting the privacy of the personally identifiable information that we collect from you as you use this website. The scope of Sky Reachers\u2019 commitment is detailed in this Privacy Policy. You agree to Sky Reachers\u2019 use of such information [&hellip;]\" \/>\n<meta property=\"og:url\" content=\"https:\/\/sky-reachers.com\/it\/privacy-policy\/\" \/>\n<meta property=\"og:site_name\" content=\"Sky Reachers\" \/>\n<meta property=\"article:modified_time\" content=\"2022-12-28T12:38:03+00:00\" \/>\n<meta property=\"og:image\" content=\"https:\/\/sky-reachers.com\/wp-content\/uploads\/2022\/01\/skyreachers_metatag_1024-515.png\" \/>\n\t<meta property=\"og:image:width\" content=\"1024\" \/>\n\t<meta property=\"og:image:height\" content=\"515\" \/>\n\t<meta property=\"og:image:type\" content=\"image\/png\" \/>\n<meta name=\"twitter:card\" content=\"summary_large_image\" \/>\n<meta name=\"twitter:label1\" content=\"Tempo di lettura stimato\" \/>\n\t<meta name=\"twitter:data1\" content=\"6 minuti\" \/>\n<script type=\"application\/ld+json\" class=\"yoast-schema-graph\">{\"@context\":\"https:\/\/schema.org\",\"@graph\":[{\"@type\":\"Organization\",\"@id\":\"https:\/\/sky-reachers.com\/#organization\",\"name\":\"Sky Research\",\"url\":\"https:\/\/sky-reachers.com\/\",\"sameAs\":[],\"logo\":{\"@type\":\"ImageObject\",\"@id\":\"https:\/\/sky-reachers.com\/#logo\",\"inLanguage\":\"it-IT\",\"url\":\"https:\/\/sky-reachers.com\/wp-content\/uploads\/2022\/01\/logo-1.svg\",\"contentUrl\":\"https:\/\/sky-reachers.com\/wp-content\/uploads\/2022\/01\/logo-1.svg\",\"width\":160,\"height\":32,\"caption\":\"Sky Research\"},\"image\":{\"@id\":\"https:\/\/sky-reachers.com\/#logo\"}},{\"@type\":\"WebSite\",\"@id\":\"https:\/\/sky-reachers.com\/#website\",\"url\":\"https:\/\/sky-reachers.com\/\",\"name\":\"Sky Reachers\",\"description\":\"\",\"publisher\":{\"@id\":\"https:\/\/sky-reachers.com\/#organization\"},\"potentialAction\":[{\"@type\":\"SearchAction\",\"target\":{\"@type\":\"EntryPoint\",\"urlTemplate\":\"https:\/\/sky-reachers.com\/?s={search_term_string}\"},\"query-input\":\"required name=search_term_string\"}],\"inLanguage\":\"it-IT\"},{\"@type\":\"WebPage\",\"@id\":\"https:\/\/sky-reachers.com\/privacy-policy\/#webpage\",\"url\":\"https:\/\/sky-reachers.com\/privacy-policy\/\",\"name\":\"Privacy Policy - Sky Reachers\",\"isPartOf\":{\"@id\":\"https:\/\/sky-reachers.com\/#website\"},\"datePublished\":\"2022-01-20T08:20:38+00:00\",\"dateModified\":\"2022-12-28T12:38:03+00:00\",\"breadcrumb\":{\"@id\":\"https:\/\/sky-reachers.com\/privacy-policy\/#breadcrumb\"},\"inLanguage\":\"it-IT\",\"potentialAction\":[{\"@type\":\"ReadAction\",\"target\":[\"https:\/\/sky-reachers.com\/privacy-policy\/\"]}]},{\"@type\":\"BreadcrumbList\",\"@id\":\"https:\/\/sky-reachers.com\/privacy-policy\/#breadcrumb\",\"itemListElement\":[{\"@type\":\"ListItem\",\"position\":1,\"name\":\"Home\",\"item\":\"https:\/\/sky-reachers.com\/\"},{\"@type\":\"ListItem\",\"position\":2,\"name\":\"Privacy Policy\"}]}]}<\/script>\n<!-- \/ Yoast SEO plugin. -->","yoast_head_json":{"title":"Privacy Policy - Sky Reachers","robots":{"index":"index","follow":"follow","max-snippet":"max-snippet:-1","max-image-preview":"max-image-preview:large","max-video-preview":"max-video-preview:-1"},"canonical":"https:\/\/sky-reachers.com\/it\/privacy-policy\/","og_locale":"it_IT","og_type":"article","og_title":"Privacy Policy - Sky Reachers","og_description":"This page outlines how Gelinar Limited and\/or its affiliates (\u201cSky Reachers\u201d or \u201cwe\u201d) are committed to protecting the privacy of the personally identifiable information that we collect from you as you use this website. The scope of Sky Reachers\u2019 commitment is detailed in this Privacy Policy. You agree to Sky Reachers\u2019 use of such information [&hellip;]","og_url":"https:\/\/sky-reachers.com\/it\/privacy-policy\/","og_site_name":"Sky Reachers","article_modified_time":"2022-12-28T12:38:03+00:00","og_image":[{"width":1024,"height":515,"url":"https:\/\/sky-reachers.com\/wp-content\/uploads\/2022\/01\/skyreachers_metatag_1024-515.png","type":"image\/png"}],"twitter_card":"summary_large_image","twitter_misc":{"Tempo di lettura stimato":"6 minuti"},"schema":{"@context":"https:\/\/schema.org","@graph":[{"@type":"Organization","@id":"https:\/\/sky-reachers.com\/#organization","name":"Sky Research","url":"https:\/\/sky-reachers.com\/","sameAs":[],"logo":{"@type":"ImageObject","@id":"https:\/\/sky-reachers.com\/#logo","inLanguage":"it-IT","url":"https:\/\/sky-reachers.com\/wp-content\/uploads\/2022\/01\/logo-1.svg","contentUrl":"https:\/\/sky-reachers.com\/wp-content\/uploads\/2022\/01\/logo-1.svg","width":160,"height":32,"caption":"Sky Research"},"image":{"@id":"https:\/\/sky-reachers.com\/#logo"}},{"@type":"WebSite","@id":"https:\/\/sky-reachers.com\/#website","url":"https:\/\/sky-reachers.com\/","name":"Sky Reachers","description":"","publisher":{"@id":"https:\/\/sky-reachers.com\/#organization"},"potentialAction":[{"@type":"SearchAction","target":{"@type":"EntryPoint","urlTemplate":"https:\/\/sky-reachers.com\/?s={search_term_string}"},"query-input":"required name=search_term_string"}],"inLanguage":"it-IT"},{"@type":"WebPage","@id":"https:\/\/sky-reachers.com\/privacy-policy\/#webpage","url":"https:\/\/sky-reachers.com\/privacy-policy\/","name":"Privacy Policy - Sky Reachers","isPartOf":{"@id":"https:\/\/sky-reachers.com\/#website"},"datePublished":"2022-01-20T08:20:38+00:00","dateModified":"2022-12-28T12:38:03+00:00","breadcrumb":{"@id":"https:\/\/sky-reachers.com\/privacy-policy\/#breadcrumb"},"inLanguage":"it-IT","potentialAction":[{"@type":"ReadAction","target":["https:\/\/sky-reachers.com\/privacy-policy\/"]}]},{"@type":"BreadcrumbList","@id":"https:\/\/sky-reachers.com\/privacy-policy\/#breadcrumb","itemListElement":[{"@type":"ListItem","position":1,"name":"Home","item":"https:\/\/sky-reachers.com\/"},{"@type":"ListItem","position":2,"name":"Privacy Policy"}]}]}},"_links":{"self":[{"href":"https:\/\/sky-reachers.com\/it\/wp-json\/wp\/v2\/pages\/3","targetHints":{"allow":["GET"]}}],"collection":[{"href":"https:\/\/sky-reachers.com\/it\/wp-json\/wp\/v2\/pages"}],"about":[{"href":"https:\/\/sky-reachers.com\/it\/wp-json\/wp\/v2\/types\/page"}],"author":[{"embeddable":true,"href":"https:\/\/sky-reachers.com\/it\/wp-json\/wp\/v2\/users\/1"}],"replies":[{"embeddable":true,"href":"https:\/\/sky-reachers.com\/it\/wp-json\/wp\/v2\/comments?post=3"}],"version-history":[{"count":0,"href":"https:\/\/sky-reachers.com\/it\/wp-json\/wp\/v2\/pages\/3\/revisions"}],"wp:attachment":[{"href":"https:\/\/sky-reachers.com\/it\/wp-json\/wp\/v2\/media?parent=3"}],"curies":[{"name":"wp","href":"https:\/\/api.w.org\/{rel}","templated":true}]}}