{"id":580,"date":"2022-01-26T08:24:23","date_gmt":"2022-01-26T08:24:23","guid":{"rendered":"https:\/\/sky-reachers.com\/?page_id=580"},"modified":"2022-12-28T12:42:21","modified_gmt":"2022-12-28T12:42:21","slug":"cookie-policy","status":"publish","type":"page","link":"https:\/\/sky-reachers.com\/de\/cookie-policy\/","title":{"rendered":"Cookie-Richtlinien"},"content":{"rendered":"<div data-elementor-type=\"wp-page\" data-elementor-id=\"580\" class=\"elementor elementor-580\" data-elementor-settings=\"[]\">\n\t\t\t\t\t\t\t<div class=\"elementor-section-wrap\">\n\t\t\t\t\t\t\t<section class=\"elementor-section elementor-top-section elementor-element elementor-element-6624eecc elementor-section-boxed elementor-section-height-default elementor-section-height-default\" data-id=\"6624eecc\" data-element_type=\"section\" data-settings=\"{&quot;background_background&quot;:&quot;classic&quot;}\">\n\t\t\t\t\t\t\t<div class=\"elementor-background-overlay\"><\/div>\n\t\t\t\t\t\t\t<div class=\"elementor-container elementor-column-gap-default\">\n\t\t\t\t\t<div class=\"elementor-column elementor-col-100 elementor-top-column elementor-element elementor-element-7ddad828\" data-id=\"7ddad828\" data-element_type=\"column\">\n\t\t\t<div class=\"elementor-widget-wrap elementor-element-populated\">\n\t\t\t\t\t\t\t\t<section class=\"elementor-section elementor-inner-section elementor-element elementor-element-25834e53 elementor-section-boxed elementor-section-height-default elementor-section-height-default\" data-id=\"25834e53\" data-element_type=\"section\">\n\t\t\t\t\t\t<div class=\"elementor-container elementor-column-gap-default\">\n\t\t\t\t\t<div class=\"elementor-column elementor-col-100 elementor-inner-column elementor-element elementor-element-18a66ed7\" data-id=\"18a66ed7\" data-element_type=\"column\">\n\t\t\t<div class=\"elementor-widget-wrap elementor-element-populated\">\n\t\t\t\t\t\t\t\t<div class=\"elementor-element elementor-element-8bc3053 cont elementor-widget elementor-widget-text-editor\" data-id=\"8bc3053\" data-element_type=\"widget\" data-widget_type=\"text-editor.default\">\n\t\t\t\t<div class=\"elementor-widget-container\">\n\t\t\t<style>\/*! elementor - v3.5.3 - 28-12-2021 *\/\n.elementor-widget-text-editor.elementor-drop-cap-view-stacked .elementor-drop-cap{background-color:#818a91;color:#fff}.elementor-widget-text-editor.elementor-drop-cap-view-framed .elementor-drop-cap{color:#818a91;border:3px solid;background-color:transparent}.elementor-widget-text-editor:not(.elementor-drop-cap-view-default) .elementor-drop-cap{margin-top:8px}.elementor-widget-text-editor:not(.elementor-drop-cap-view-default) .elementor-drop-cap-letter{width:1em;height:1em}.elementor-widget-text-editor .elementor-drop-cap{float:left;text-align:center;line-height:1;font-size:50px}.elementor-widget-text-editor .elementor-drop-cap-letter{display:inline-block}<\/style>\t\t\t\t<p><span style=\"font-weight: 400;\">Diese Cookie-Richtlinie gilt f\u00fcr die Website (zusammen die \"Website\"), die von Gelinar Limited (\"Sky Reachers\", \"wir\", \"uns\") bereitgestellt wird. Die Website enth\u00e4lt https:\/\/sky-reachers.com und wird von Sky Reachers produziert und verwaltet. <\/span><a href=\"https:\/\/sky-reachers.com\/de\/\"><span style=\"font-weight: 400;\">https:\/\/sky-reachers.com<\/span><\/a><span style=\"font-weight: 400;\"> and is produced and managed by Sky Reachers.\u00a0<\/span><\/p><p><span style=\"font-weight: 400;\">Diese Cookie-Richtlinie erl\u00e4utert, wie und warum Cookies, Web Beacons, Pixel und andere \u00e4hnliche Technologien (zusammen \"Cookies\") auf Ihrem Ger\u00e4t gespeichert und von Ihrem Ger\u00e4t aus aufgerufen werden k\u00f6nnen, wenn Sie unsere Website nutzen oder besuchen, und wie Sie Ihre Pr\u00e4ferenzen verwalten k\u00f6nnen. Diese Cookie-Richtlinie sollte zusammen mit unserer Datenschutzrichtlinie und unseren Allgemeinen Gesch\u00e4ftsbedingungen gelesen werden.<\/span><\/p><p><span style=\"font-weight: 400;\">Unsere Website verwendet https:\/\/sky-reachers.com Cookies und andere verwandte Technologien (der Einfachheit halber werden alle Technologien referenziert. Cookies werden auch von Dritten platziert, die wir beauftragt haben. Im folgenden Dokument informieren wir Sie \u00fcber die Verwendung von Cookies auf unserer Website. <\/span><a href=\"https:\/\/sky-reachers.com\/de\/\"><span style=\"font-weight: 400;\">https:\/\/sky-reachers.com<\/span><\/a><span style=\"font-weight: 400;\"> uses cookies and other related technologies (for convenience, all technologies are referred. Cookies are also placed by third parties we have engaged. In the document below, we inform you about the use of cookies on our website.<\/span><\/p><p><span style=\"font-weight: 400;\">Ein Cookie ist eine kleine, einfache Datei, die zusammen mit Seiten dieser Website gesendet und von Ihrem Browser auf der Festplatte Ihres Computers oder einem anderen Ger\u00e4t gespeichert wird. Die darin gespeicherten Informationen k\u00f6nnen bei einem sp\u00e4teren Besuch an unsere Server oder die Server der jeweiligen Dritten zur\u00fcckgegeben werden.<\/span><\/p><p>\u00a0<\/p><p><b>Wof\u00fcr verwenden wir Cookies?<\/b><\/p><p><span style=\"font-weight: 400;\">Unsere Websites verwenden verschiedene Kategorien von Cookies f\u00fcr die unten beschriebenen Zwecke.<\/span><\/p><p>\u00a0<\/p><p><b>Unbedingt erforderliche Cookies<\/b><\/p><p><span style=\"font-weight: 400;\">Diese Cookies sind f\u00fcr den Betrieb unserer Website und die Nutzung ihrer Funktionen erforderlich. Dazu geh\u00f6ren beispielsweise Cookies, die es Ihnen erm\u00f6glichen, sich in sichere Bereiche unserer Website einzuloggen. Sie erm\u00f6glichen es uns, uns an einige Ihrer Entscheidungen zu erinnern, um die Navigation zu beschleunigen und Ihnen ein sicheres Website-Erlebnis zu bieten.<\/span><\/p><p><span style=\"font-weight: 400;\">Unsere Website kann ohne solche Cookies nicht funktionieren und sie werden daher automatisch gesetzt, wenn Sie sie besuchen. Sie k\u00f6nnen Ihren Browser so einstellen, dass er diese Cookies blockiert oder Sie dar\u00fcber informiert; Einige Teile unserer Website funktionieren jedoch nicht.<\/span><\/p><p>\u00a0<\/p><p><b>Technische oder funktionale Cookies<\/b><\/p><p><span style=\"font-weight: 400;\">Einige Cookies stellen sicher, dass bestimmte Teile der Website ordnungsgem\u00e4\u00df funktionieren und dass Ihre Benutzerpr\u00e4ferenzen bekannt bleiben. Durch das Setzen funktionaler Cookies erleichtern wir den Besuch unserer Website. Auf diese Weise m\u00fcssen Sie beim Besuch unserer Website nicht wiederholt die gleichen Informationen eingeben und beispielsweise bleiben die Artikel in Ihrem Warenkorb, bis Sie bezahlt haben. Wir k\u00f6nnen diese Cookies ohne Ihre Zustimmung platzieren.<\/span><\/p><p>\u00a0<\/p><p><b>Statistik-Cookies<\/b><\/p><p><span style=\"font-weight: 400;\">Wir verwenden Statistik-Cookies, um die Eingabe der gleichen Informationen beim wiederholten Besuch unserer Website f\u00fcr unsere Benutzer zu optimieren. Mit diesen Statistik-Cookies erhalten wir Einblicke in die Nutzung unserer Website. Wir bitten Sie um Ihre Erlaubnis, Statistik-Cookies zu platzieren.<\/span><\/p><p>\u00a0<\/p><p><b>Werbe-Cookies<\/b><\/p><p><span style=\"font-weight: 400;\">Auf unserer Website verwenden wir Werbe-Cookies, die es uns erm\u00f6glichen, Einblicke in die Kampagnenergebnisse zu erhalten. Dies geschieht auf der Grundlage eines Profils, das wir basierend auf Ihrem Verhalten auf https:\/\/sky-reachers.com erstellen. Mit diesen Cookies werden Sie als Website-Besucher mit einer eindeutigen ID verkn\u00fcpft, aber diese Cookies werden Ihr Verhalten und Ihre Interessen nicht profilieren, um personalisierte Anzeigen zu schalten.<\/span><\/p><p>\u00a0<\/p><p><b>Marketing-\/Tracking-Cookies<\/b><\/p><p><span style=\"font-weight: 400;\">Marketing-\/Tracking-Cookies sind Cookies oder jede andere Form der lokalen Speicherung, die verwendet wird, um Benutzerprofile zu erstellen, um Werbung anzuzeigen oder den Benutzer auf dieser Website oder auf mehreren Websites f\u00fcr \u00e4hnliche Marketingzwecke zu verfolgen.<\/span><\/p><p><span style=\"font-weight: 400;\">Da diese Cookies als Tracking-Cookies gekennzeichnet sind, bitten wir Sie um Ihre Erlaubnis, diese zu platzieren.<\/span><\/p><p><span style=\"font-weight: 400;\">Sie haben folgende Rechte in Bezug auf Ihre Daten:<\/span><\/p><ul><li><span style=\"font-weight: 400;\"> Sie haben das Recht zu wissen, warum Ihre Daten ben\u00f6tigt werden, was mit ihnen passiert und wie lange sie aufbewahrt werden<\/span><\/li><li><span style=\"font-weight: 400;\"> Auskunftsrecht: Sie haben das Recht, auf Ihre uns bekannten Daten zuzugreifen.<\/span><\/li><li><span style=\"font-weight: 400;\"> Recht auf Berichtigung: Sie haben das Recht auf Erg\u00e4nzung, Berichtigung, L\u00f6schung oder Sperrung Ihrer Daten, wann immer Sie dies w\u00fcnschen.<\/span><\/li><li><span style=\"font-weight: 400;\"> Wenn Sie uns Ihre Einwilligung zur Verarbeitung Ihrer Daten erteilen, haben Sie das Recht, diese Einwilligung zu widerrufen und Ihre Daten l\u00f6schen zu lassen.<\/span><\/li><li><span style=\"font-weight: 400;\"> Recht auf \u00dcbertragung Ihrer Daten: Sie haben das Recht, alle Ihre Daten vom Verantwortlichen anzufordern und sie vollst\u00e4ndig an einen anderen Verantwortlichen zu \u00fcbertragen.<\/span><\/li><li><span style=\"font-weight: 400;\"> Widerspruchsrecht: Sie k\u00f6nnen der Verarbeitung Ihrer Daten widersprechen. Dem halten wir uns daran, es sei denn, es liegen berechtigte Gr\u00fcnde f\u00fcr die Verarbeitung vor.<\/span><\/li><\/ul><p>\u00a0<\/p><p><span style=\"font-weight: 400;\">Sie k\u00f6nnen Ihren Internetbrowser verwenden, um Cookies automatisch oder manuell zu l\u00f6schen. Sie k\u00f6nnen auch festlegen, dass bestimmte Cookies nicht platziert werden d\u00fcrfen. Eine weitere M\u00f6glichkeit besteht darin, die Einstellungen Ihres Internetbrowsers so zu \u00e4ndern, dass Sie jedes Mal, wenn ein Cookie platziert wird, eine Nachricht erhalten. Weitere Informationen zu diesen Optionen finden Sie in den Anweisungen im Hilfebereich Ihres Browsers.<\/span><\/p><p><span style=\"font-weight: 400;\">Bitte beachten Sie, dass unsere Website m\u00f6glicherweise nicht ordnungsgem\u00e4\u00df funktioniert, wenn alle Cookies deaktiviert sind. Wenn Sie die Cookies in Ihrem Browser l\u00f6schen, werden sie nach Ihrer Zustimmung wieder platziert, wenn Sie unsere Website erneut besuchen.<\/span><\/p><p><span style=\"font-weight: 400;\">Sollten Sie weitere Fragen haben, z\u00f6gern Sie bitte nicht, uns zu kontaktieren:<\/span><\/p><p><span style=\"font-weight: 400;\">Telefon \u2013 <a href=\"tel: 3531800816073\">+3531800816073<\/a><\/span><\/p><p><span style=\"font-weight: 400;\">E-mail \u2013 <a href=\"mailto:info@sky-reachers.com\">info@sky-reachers.com  hinterlassen.<\/a><\/span><\/p><p><span style=\"font-weight: 400;\">Kontaktformular \u2013 <a href=\"https:\/\/sky-reachers.com\/de\/contact-us\/\">https:\/\/sky-reachers.com\/contact-us\/<\/a><\/span><\/p>\t\t\t\t\t\t<\/div>\n\t\t\t\t<\/div>\n\t\t\t\t\t<\/div>\n\t\t<\/div>\n\t\t\t\t\t\t\t<\/div>\n\t\t<\/section>\n\t\t\t\t\t<\/div>\n\t\t<\/div>\n\t\t\t\t\t\t\t<\/div>\n\t\t<\/section>\n\t\t\t\t\t\t<\/div>\n\t\t\t\t\t<\/div>","protected":false},"excerpt":{"rendered":"<p>This Cookie Policy applies to the website (together, the &#8220;Website&#8221;) provided by Gelinar Limited (\u201cSky Reachers\u201d, \u201cwe\u201d, \u201cus\u201d). The Website includes https:\/\/sky-reachers.com and is produced and managed by Sky Reachers.\u00a0 This Cookie Policy explains how and why cookies, web beacons, pixels and other similar technologies (collectively \u201cCookies\u201d) may be stored on and accessed from your [&hellip;]<\/p>","protected":false},"author":1,"featured_media":0,"parent":0,"menu_order":0,"comment_status":"closed","ping_status":"open","template":"elementor_header_footer","meta":{"om_disable_all_campaigns":false,"footnotes":""},"class_list":["post-580","page","type-page","status-publish","hentry"],"yoast_head":"<!-- This site is optimized with the Yoast SEO plugin v17.9 - https:\/\/yoast.com\/wordpress\/plugins\/seo\/ -->\n<title>Cookie Policy - Sky Reachers<\/title>\n<meta name=\"robots\" content=\"index, follow, max-snippet:-1, max-image-preview:large, max-video-preview:-1\" \/>\n<link rel=\"canonical\" href=\"https:\/\/sky-reachers.com\/de\/cookie-policy\/\" \/>\n<meta property=\"og:locale\" content=\"de_DE\" \/>\n<meta property=\"og:type\" content=\"article\" \/>\n<meta property=\"og:title\" content=\"Cookie Policy - Sky Reachers\" \/>\n<meta property=\"og:description\" content=\"This Cookie Policy applies to the website (together, the &#8220;Website&#8221;) provided by Gelinar Limited (\u201cSky Reachers\u201d, \u201cwe\u201d, \u201cus\u201d). The Website includes https:\/\/sky-reachers.com and is produced and managed by Sky Reachers.\u00a0 This Cookie Policy explains how and why cookies, web beacons, pixels and other similar technologies (collectively \u201cCookies\u201d) may be stored on and accessed from your [&hellip;]\" \/>\n<meta property=\"og:url\" content=\"https:\/\/sky-reachers.com\/de\/cookie-policy\/\" \/>\n<meta property=\"og:site_name\" content=\"Sky Reachers\" \/>\n<meta property=\"article:modified_time\" content=\"2022-12-28T12:42:21+00:00\" \/>\n<meta property=\"og:image\" content=\"https:\/\/sky-reachers.com\/wp-content\/uploads\/2022\/01\/skyreachers_metatag_1024-515.png\" \/>\n\t<meta property=\"og:image:width\" content=\"1024\" \/>\n\t<meta property=\"og:image:height\" content=\"515\" \/>\n\t<meta property=\"og:image:type\" content=\"image\/png\" \/>\n<meta name=\"twitter:card\" content=\"summary_large_image\" \/>\n<meta name=\"twitter:label1\" content=\"Gesch\u00e4tzte Lesezeit\" \/>\n\t<meta name=\"twitter:data1\" content=\"4\u00a0Minuten\" \/>\n<script type=\"application\/ld+json\" class=\"yoast-schema-graph\">{\"@context\":\"https:\/\/schema.org\",\"@graph\":[{\"@type\":\"Organization\",\"@id\":\"https:\/\/sky-reachers.com\/#organization\",\"name\":\"Sky Research\",\"url\":\"https:\/\/sky-reachers.com\/\",\"sameAs\":[],\"logo\":{\"@type\":\"ImageObject\",\"@id\":\"https:\/\/sky-reachers.com\/#logo\",\"inLanguage\":\"de\",\"url\":\"https:\/\/sky-reachers.com\/wp-content\/uploads\/2022\/01\/logo-1.svg\",\"contentUrl\":\"https:\/\/sky-reachers.com\/wp-content\/uploads\/2022\/01\/logo-1.svg\",\"width\":160,\"height\":32,\"caption\":\"Sky Research\"},\"image\":{\"@id\":\"https:\/\/sky-reachers.com\/#logo\"}},{\"@type\":\"WebSite\",\"@id\":\"https:\/\/sky-reachers.com\/#website\",\"url\":\"https:\/\/sky-reachers.com\/\",\"name\":\"Sky Reachers\",\"description\":\"\",\"publisher\":{\"@id\":\"https:\/\/sky-reachers.com\/#organization\"},\"potentialAction\":[{\"@type\":\"SearchAction\",\"target\":{\"@type\":\"EntryPoint\",\"urlTemplate\":\"https:\/\/sky-reachers.com\/?s={search_term_string}\"},\"query-input\":\"required name=search_term_string\"}],\"inLanguage\":\"de\"},{\"@type\":\"WebPage\",\"@id\":\"https:\/\/sky-reachers.com\/cookie-policy\/#webpage\",\"url\":\"https:\/\/sky-reachers.com\/cookie-policy\/\",\"name\":\"Cookie Policy - Sky Reachers\",\"isPartOf\":{\"@id\":\"https:\/\/sky-reachers.com\/#website\"},\"datePublished\":\"2022-01-26T08:24:23+00:00\",\"dateModified\":\"2022-12-28T12:42:21+00:00\",\"breadcrumb\":{\"@id\":\"https:\/\/sky-reachers.com\/cookie-policy\/#breadcrumb\"},\"inLanguage\":\"de\",\"potentialAction\":[{\"@type\":\"ReadAction\",\"target\":[\"https:\/\/sky-reachers.com\/cookie-policy\/\"]}]},{\"@type\":\"BreadcrumbList\",\"@id\":\"https:\/\/sky-reachers.com\/cookie-policy\/#breadcrumb\",\"itemListElement\":[{\"@type\":\"ListItem\",\"position\":1,\"name\":\"Home\",\"item\":\"https:\/\/sky-reachers.com\/\"},{\"@type\":\"ListItem\",\"position\":2,\"name\":\"Cookie Policy\"}]}]}<\/script>\n<!-- \/ Yoast SEO plugin. -->","yoast_head_json":{"title":"Cookie Policy - Sky Reachers","robots":{"index":"index","follow":"follow","max-snippet":"max-snippet:-1","max-image-preview":"max-image-preview:large","max-video-preview":"max-video-preview:-1"},"canonical":"https:\/\/sky-reachers.com\/de\/cookie-policy\/","og_locale":"de_DE","og_type":"article","og_title":"Cookie Policy - Sky Reachers","og_description":"This Cookie Policy applies to the website (together, the &#8220;Website&#8221;) provided by Gelinar Limited (\u201cSky Reachers\u201d, \u201cwe\u201d, \u201cus\u201d). The Website includes https:\/\/sky-reachers.com and is produced and managed by Sky Reachers.\u00a0 This Cookie Policy explains how and why cookies, web beacons, pixels and other similar technologies (collectively \u201cCookies\u201d) may be stored on and accessed from your [&hellip;]","og_url":"https:\/\/sky-reachers.com\/de\/cookie-policy\/","og_site_name":"Sky Reachers","article_modified_time":"2022-12-28T12:42:21+00:00","og_image":[{"width":1024,"height":515,"url":"https:\/\/sky-reachers.com\/wp-content\/uploads\/2022\/01\/skyreachers_metatag_1024-515.png","type":"image\/png"}],"twitter_card":"summary_large_image","twitter_misc":{"Gesch\u00e4tzte Lesezeit":"4\u00a0Minuten"},"schema":{"@context":"https:\/\/schema.org","@graph":[{"@type":"Organization","@id":"https:\/\/sky-reachers.com\/#organization","name":"Sky Research","url":"https:\/\/sky-reachers.com\/","sameAs":[],"logo":{"@type":"ImageObject","@id":"https:\/\/sky-reachers.com\/#logo","inLanguage":"de","url":"https:\/\/sky-reachers.com\/wp-content\/uploads\/2022\/01\/logo-1.svg","contentUrl":"https:\/\/sky-reachers.com\/wp-content\/uploads\/2022\/01\/logo-1.svg","width":160,"height":32,"caption":"Sky Research"},"image":{"@id":"https:\/\/sky-reachers.com\/#logo"}},{"@type":"WebSite","@id":"https:\/\/sky-reachers.com\/#website","url":"https:\/\/sky-reachers.com\/","name":"Sky Reachers","description":"","publisher":{"@id":"https:\/\/sky-reachers.com\/#organization"},"potentialAction":[{"@type":"SearchAction","target":{"@type":"EntryPoint","urlTemplate":"https:\/\/sky-reachers.com\/?s={search_term_string}"},"query-input":"required name=search_term_string"}],"inLanguage":"de"},{"@type":"WebPage","@id":"https:\/\/sky-reachers.com\/cookie-policy\/#webpage","url":"https:\/\/sky-reachers.com\/cookie-policy\/","name":"Cookie Policy - Sky Reachers","isPartOf":{"@id":"https:\/\/sky-reachers.com\/#website"},"datePublished":"2022-01-26T08:24:23+00:00","dateModified":"2022-12-28T12:42:21+00:00","breadcrumb":{"@id":"https:\/\/sky-reachers.com\/cookie-policy\/#breadcrumb"},"inLanguage":"de","potentialAction":[{"@type":"ReadAction","target":["https:\/\/sky-reachers.com\/cookie-policy\/"]}]},{"@type":"BreadcrumbList","@id":"https:\/\/sky-reachers.com\/cookie-policy\/#breadcrumb","itemListElement":[{"@type":"ListItem","position":1,"name":"Home","item":"https:\/\/sky-reachers.com\/"},{"@type":"ListItem","position":2,"name":"Cookie Policy"}]}]}},"_links":{"self":[{"href":"https:\/\/sky-reachers.com\/de\/wp-json\/wp\/v2\/pages\/580","targetHints":{"allow":["GET"]}}],"collection":[{"href":"https:\/\/sky-reachers.com\/de\/wp-json\/wp\/v2\/pages"}],"about":[{"href":"https:\/\/sky-reachers.com\/de\/wp-json\/wp\/v2\/types\/page"}],"author":[{"embeddable":true,"href":"https:\/\/sky-reachers.com\/de\/wp-json\/wp\/v2\/users\/1"}],"replies":[{"embeddable":true,"href":"https:\/\/sky-reachers.com\/de\/wp-json\/wp\/v2\/comments?post=580"}],"version-history":[{"count":0,"href":"https:\/\/sky-reachers.com\/de\/wp-json\/wp\/v2\/pages\/580\/revisions"}],"wp:attachment":[{"href":"https:\/\/sky-reachers.com\/de\/wp-json\/wp\/v2\/media?parent=580"}],"curies":[{"name":"wp","href":"https:\/\/api.w.org\/{rel}","templated":true}]}}