{"id":3,"date":"2022-01-20T08:20:38","date_gmt":"2022-01-20T08:20:38","guid":{"rendered":"https:\/\/sky-reachers.com\/?page_id=3"},"modified":"2022-12-28T12:38:03","modified_gmt":"2022-12-28T12:38:03","slug":"privacy-policy","status":"publish","type":"page","link":"https:\/\/sky-reachers.com\/de\/privacy-policy\/","title":{"rendered":"Datenschutzrichtlinie"},"content":{"rendered":"<div data-elementor-type=\"wp-page\" data-elementor-id=\"3\" class=\"elementor elementor-3\" data-elementor-settings=\"[]\">\n\t\t\t\t\t\t\t<div class=\"elementor-section-wrap\">\n\t\t\t\t\t\t\t<section class=\"elementor-section elementor-top-section elementor-element elementor-element-6624eecc elementor-section-boxed elementor-section-height-default elementor-section-height-default\" data-id=\"6624eecc\" data-element_type=\"section\" data-settings=\"{&quot;background_background&quot;:&quot;classic&quot;}\">\n\t\t\t\t\t\t\t<div class=\"elementor-background-overlay\"><\/div>\n\t\t\t\t\t\t\t<div class=\"elementor-container elementor-column-gap-default\">\n\t\t\t\t\t<div class=\"elementor-column elementor-col-100 elementor-top-column elementor-element elementor-element-7ddad828\" data-id=\"7ddad828\" data-element_type=\"column\">\n\t\t\t<div class=\"elementor-widget-wrap elementor-element-populated\">\n\t\t\t\t\t\t\t\t<section class=\"elementor-section elementor-inner-section elementor-element elementor-element-25834e53 elementor-section-boxed elementor-section-height-default elementor-section-height-default\" data-id=\"25834e53\" data-element_type=\"section\">\n\t\t\t\t\t\t<div class=\"elementor-container elementor-column-gap-default\">\n\t\t\t\t\t<div class=\"elementor-column elementor-col-100 elementor-inner-column elementor-element elementor-element-18a66ed7\" data-id=\"18a66ed7\" data-element_type=\"column\">\n\t\t\t<div class=\"elementor-widget-wrap elementor-element-populated\">\n\t\t\t\t\t\t\t\t<div class=\"elementor-element elementor-element-8bc3053 cont elementor-widget elementor-widget-text-editor\" data-id=\"8bc3053\" data-element_type=\"widget\" data-widget_type=\"text-editor.default\">\n\t\t\t\t<div class=\"elementor-widget-container\">\n\t\t\t<style>\/*! elementor - v3.5.3 - 28-12-2021 *\/\n.elementor-widget-text-editor.elementor-drop-cap-view-stacked .elementor-drop-cap{background-color:#818a91;color:#fff}.elementor-widget-text-editor.elementor-drop-cap-view-framed .elementor-drop-cap{color:#818a91;border:3px solid;background-color:transparent}.elementor-widget-text-editor:not(.elementor-drop-cap-view-default) .elementor-drop-cap{margin-top:8px}.elementor-widget-text-editor:not(.elementor-drop-cap-view-default) .elementor-drop-cap-letter{width:1em;height:1em}.elementor-widget-text-editor .elementor-drop-cap{float:left;text-align:center;line-height:1;font-size:50px}.elementor-widget-text-editor .elementor-drop-cap-letter{display:inline-block}<\/style>\t\t\t\t<p><span style=\"font-weight: 400;\">Auf dieser Seite wird beschrieben, wie gelinar Limited und\/oder seine verbundenen Unternehmen (\"Sky Reachers\" oder \"wir\") sich verpflichten, die Privatsph\u00e4re der personenbezogenen Daten zu sch\u00fctzen, die wir von Ihnen sammeln, wenn Sie diese Website nutzen. Der Umfang des Engagements von Sky Reachers ist in dieser Datenschutzrichtlinie detailliert beschrieben. Sie erkl\u00e4ren sich damit einverstanden, dass Sky Reachers diese Informationen wie hierin beschrieben verwendet, indem Sie Informationen \u00fcbermitteln. Weitere Informationen zu unseren Online-Richtlinien im Allgemeinen finden Sie in unseren Allgemeinen Gesch\u00e4ftsbedingungen.<\/span><\/p><p><b>F\u00fcr diese Datenschutzerkl\u00e4rung:<\/b><\/p><ul><li style=\"font-weight: 400;\" aria-level=\"1\"><span style=\"font-weight: 400;\">Cookie: eine kleine Datenmenge, die von einer Website generiert und von Ihrem Webbrowser gespeichert wird. Es wird verwendet, um Ihren Browser zu identifizieren, Analysen bereitzustellen und Informationen \u00fcber Sie zu speichern, z. B. Ihre Sprachpr\u00e4ferenz oder Anmeldeinformationen.<\/span><\/li><\/ul><ul><li style=\"font-weight: 400;\" aria-level=\"1\"><span style=\"font-weight: 400;\">Company: when this policy mentions &#8220;Company,&#8221; &#8220;we,&#8221; &#8220;us,&#8221; or &#8220;our,&#8221; it refers to Gelinar Limited (Office 2, 12a Lower Main Street, Lucan, Dublin, K78 X5P8, Republic of Ireland) that is responsible for your information under this Terms and Conditions.<\/span><\/li><\/ul><ul><li style=\"font-weight: 400;\" aria-level=\"1\"><span style=\"font-weight: 400;\">Land: das Land, in dem Sky Reachers oder die Eigent\u00fcmer\/Gr\u00fcnder von Sky Reachers ihren Sitz haben, in diesem Fall Irland<\/span><\/li><\/ul><ul><li style=\"font-weight: 400;\" aria-level=\"1\"><span style=\"font-weight: 400;\">Ger\u00e4t: jedes mit dem Internet verbundene Ger\u00e4t wie ein Telefon, Tablet, Computer oder andere Ger\u00e4te, die verwendet werden k\u00f6nnen, um Sky Reachers zu besuchen und die Dienste zu nutzen.<\/span><\/li><\/ul><ul><li style=\"font-weight: 400;\" aria-level=\"1\"><span style=\"font-weight: 400;\">Service: bezieht sich auf den von Sky Reachers bereitgestellten Service, wie in den entsprechenden Bedingungen (falls verf\u00fcgbar) und auf dieser Plattform beschrieben.<\/span><\/li><\/ul><ul><li style=\"font-weight: 400;\" aria-level=\"1\"><span style=\"font-weight: 400;\">Drittanbieter-Service: bezieht sich auf Werbetreibende, Wettbewerbssponsoren, Werbe- und Marketingpartner und andere, die unsere Inhalte bereitstellen oder deren Produkte oder Dienstleistungen Sie unserer Meinung nach interessieren k\u00f6nnten.<\/span><\/li><\/ul><ul><li style=\"font-weight: 400;\" aria-level=\"1\"><span style=\"font-weight: 400;\">Website: Website von Gelinar Limited, die \u00fcber diese URL aufgerufen werden kann: https:\/\/sky-reachers.com<\/span><\/li><\/ul><ul><li style=\"font-weight: 400;\" aria-level=\"1\"><span style=\"font-weight: 400;\">Sie: eine nat\u00fcrliche oder juristische Person, die bei Sky Reachers registriert ist, um die Dienste zu nutzen.<\/span><\/li><\/ul><p><b>Welche pers\u00f6nlichen Daten werden gesammelt?<\/b><\/p><p><span style=\"font-weight: 400;\">Sky Reachers erhebt in bestimmten Bereichen der Website personenbezogene Daten, wenn Nutzer sich registrieren, Informationen oder eine Antwort anfordern, sich f\u00fcr Veranstaltungen anmelden, sich f\u00fcr Jobs bewerben und sich an Bereichen beteiligen, in denen Nutzer Beitr\u00e4ge ver\u00f6ffentlichen, wie z. B. Schwarze Bretter, Diskussionsforen, Blogs und Umfragen. Zu den gesammelten pers\u00f6nlichen Daten k\u00f6nnen unter anderem Unternehmens- oder Schulzugeh\u00f6rigkeiten und Kontaktinformationen (Namen, Post- und E-Mail-Adressen, Telefon-\/Faxnummern) geh\u00f6ren.<\/span><\/p><p><b>Wie k\u00f6nnen meine pers\u00f6nlichen Daten verwendet werden?<\/b><\/p><p><span style=\"font-weight: 400;\">Sky Reachers verwendet Ihre pers\u00f6nlichen Daten, die durch das Ausf\u00fcllen von Formularen, Cookies und IP-Adressen gesammelt werden, um:<\/span><\/p><ul><li style=\"font-weight: 400;\" aria-level=\"1\"><span style=\"font-weight: 400;\">Um Ihre Informationsanfragen zu beantworten;<\/span><\/li><li style=\"font-weight: 400;\" aria-level=\"1\"><span style=\"font-weight: 400;\">Ihre Anfragen zur Teilnahme an Veranstaltungen zu bearbeiten;<\/span><\/li><li style=\"font-weight: 400;\" aria-level=\"1\"><span style=\"font-weight: 400;\">um Ihr Erlebnis zu personalisieren;<\/span><\/li><li style=\"font-weight: 400;\" aria-level=\"1\"><span style=\"font-weight: 400;\">Sie zu pr\u00fcfen, zu ber\u00fccksichtigen und zu kontaktieren, wenn Sie Fragen zur Besch\u00e4ftigung oder zum Verkauf haben.<\/span><\/li><li style=\"font-weight: 400;\" aria-level=\"1\"><span style=\"font-weight: 400;\">Analyse des Nutzerverhaltens der Website, um das Interesse an bestimmten Artikeln auf unserer Website zu messen;<\/span><\/li><li style=\"font-weight: 400;\" aria-level=\"1\"><span style=\"font-weight: 400;\">Zusendung von Nachrichten, Sonderangeboten und allgemeinen Informationen \u00fcber Waren, Dienstleistungen und Veranstaltungen, die auf den von Ihnen bereits angefragten Interessengebieten basieren, es sei denn, Sie haben sich gegen den Erhalt solcher Informationen entschieden.<\/span><\/li><\/ul><p><b>Wie lange bewahren wir Ihre Daten auf?<\/b><\/p><p><span style=\"font-weight: 400;\">Wir bewahren Ihre Daten so lange auf, wie unsere vertragliche und\/oder gesch\u00e4ftliche Beziehung dauert, wenn Sie ein bestehender Kunde sind. Danach k\u00f6nnen wir Ihre Daten f\u00fcr f\u00fcnf (5) Jahre nach Beendigung unserer vertraglichen und\/oder gesch\u00e4ftlichen Beziehung in einer Vermittlerdatenbank speichern.<\/span><\/p><p><span style=\"font-weight: 400;\">Wenn Sie ein potenzieller Kunde sind, zu dem keine vertragliche und\/oder gesch\u00e4ftliche Beziehung besteht, werden wir Ihre Daten nicht l\u00e4nger als drei (3) Jahre nach Ihrem letzten Kontakt mit uns speichern.<\/span><\/p><p><span style=\"font-weight: 400;\">Schlie\u00dflich werden die Protokolldaten, die wir f\u00fcr die oben genannten Sicherheits-, Wartungs- und Verbesserungszwecke erfassen k\u00f6nnen, nicht l\u00e4nger als ein (1) Jahr nach der Erfassung aufbewahrt.<\/span><\/p><p><b>Ihre Rechte<\/b><\/p><p><span style=\"font-weight: 400;\">Je nachdem, wo Sie wohnen, haben Sie m\u00f6glicherweise bestimmte Rechte in Bezug auf die von Sky Reachers \u00fcber Sie gespeicherten Daten. Sie haben beispielsweise das Recht, Ihre Daten anzufordern, eine Kopie davon zu erhalten oder sich dar\u00fcber zu erkundigen, wie wir Ihre personenbezogenen Daten verwenden. Sie haben das Recht zu verlangen, dass wir falsche, ungenaue oder veraltete Daten \u00fcber Sie korrigieren. Sie haben auch das Recht zu verlangen, dass wir die Verarbeitung Ihrer Daten einstellen und\/oder Ihre Zustimmung zu einer solchen Verarbeitung zur\u00fcckziehen und uns auffordern, Ihre Daten zu l\u00f6schen.<\/span><\/p><p><span style=\"font-weight: 400;\">Um dies zu tun, kontaktieren Sie uns bitte unter info@sky-reachers.com oder +3531800816073, um weitere Informationen zu erhalten und Ihren Antrag zu stellen.<\/span><\/p><p><b>Nutzung der Website durch Kinder<\/b><\/p><p><span style=\"font-weight: 400;\">Wir verkaufen keine Produkte oder Dienstleistungen, die von Kindern erworben werden k\u00f6nnen, und wir werben auch nicht bei Kindern. Wenn Sie unter 18 Jahre alt sind, d\u00fcrfen Sie unsere Website nur mit Zustimmung eines Elternteils oder Erziehungsberechtigten nutzen. Wir sammeln Daten \u00fcber alle Nutzer und Besucher dieser Bereiche, unabh\u00e4ngig von ihrem Alter, und es ist m\u00f6glich, dass einige dieser Nutzer und Besucher von Zeit zu Zeit Kinder sein werden. Solche minderj\u00e4hrigen Nutzer und Besucher werden unweigerlich auch andere Bereiche der Website besuchen und sind unabh\u00e4ngig davon, wo sie sich aufhalten, dem dortigen Marketing ausgesetzt.<\/span><\/p><p><b>Verschl\u00fcsselung der zwischen uns gesendeten Daten<\/b><\/p><p><span style=\"font-weight: 400;\">Wir verwenden Secure Sockets Layer (SSL)-Zertifikate, um unsere Identit\u00e4t gegen\u00fcber Ihrem Browser zu verifizieren und alle Daten zu verschl\u00fcsseln, die Sie uns \u00fcbermitteln. Sie k\u00f6nnen \u00fcberpr\u00fcfen, ob einige Benutzer und Besucher SSL verwenden, wenn Daten zwischen uns \u00fcbertragen werden, indem Sie auf ein geschlossenes Vorh\u00e4ngeschloss-Symbol oder andere Vertrauenszeichen in der URL-Leiste oder Symbolleiste Ihres Browsers achten.<\/span><\/p><p><b>Websites von Drittanbietern<\/b><\/p><p><span style=\"font-weight: 400;\">Die Sky Reachers Website kann Links zu Websites Dritter enthalten. Capgemini gibt keine Zusicherungen oder Garantien in Bezug auf solche Websites Dritter. Sie sollten sich dar\u00fcber im Klaren sein, dass die Eigent\u00fcmer und Betreiber solcher Websites Dritter personenbezogene Daten unter anderen Bedingungen als Sky Reachers erheben, nutzen oder weitergeben k\u00f6nnen. Wenn Sie einen Link zu einer Website Dritter herstellen, sollten Sie sich \u00fcber die Datenschutzbestimmungen dieser Websites Dritter informieren.<\/span><\/p><p><b>Geltendes Recht<\/b><\/p><p><span style=\"font-weight: 400;\">Diese Datenschutzrichtlinie unterliegt den Gesetzen Irlands, ungeachtet der Bestimmungen des Kollisionsrechts. Sie erkl\u00e4ren sich mit der ausschlie\u00dflichen Zust\u00e4ndigkeit der Gerichte in Verbindung mit allen Klagen oder Streitigkeiten, die zwischen den Parteien im Rahmen oder in Verbindung mit dieser Datenschutzrichtlinie entstehen, einverstanden.<\/span><\/p><p><span style=\"font-weight: 400;\">F\u00fcr diese Vereinbarung und Ihre Nutzung der Website gelten die Gesetze Irlands, unter Ausschluss der dortigen Kollisionsnormen. Die Nutzung der Website durch Sie kann auch anderen lokalen, staatlichen, nationalen oder internationalen Gesetzen unterliegen.<\/span><\/p><p><span style=\"font-weight: 400;\">Durch die Nutzung von Sky Reachers oder die direkte Kontaktaufnahme mit uns erkl\u00e4ren Sie sich mit diesen Datenschutzbestimmungen einverstanden. Wenn Sie mit dieser Datenschutzerkl\u00e4rung nicht einverstanden sind, sollten Sie unsere Website nicht nutzen und unsere Dienstleistungen nicht in Anspruch nehmen. Die weitere Nutzung der Website, die direkte Kontaktaufnahme mit uns oder die Bekanntgabe von \u00c4nderungen an dieser Datenschutzerkl\u00e4rung, die keine wesentlichen Auswirkungen auf die Nutzung oder Weitergabe Ihrer pers\u00f6nlichen Daten haben, bedeutet, dass Sie diese \u00c4nderungen akzeptieren.<\/span><\/p><p><span style=\"font-weight: 400;\">I<\/span><b>Informationen zur Allgemeinen Datenschutzverordnung (GDPR)<\/b><\/p><p><span style=\"font-weight: 400;\">Es kann sein, dass wir Daten von Ihnen aus dem Europ\u00e4ischen Wirtschaftsraum (EWR) sammeln und verwenden. In diesem Abschnitt unserer Datenschutzrichtlinie wird genau erl\u00e4utert, wie und warum diese Daten erfasst werden und wie wir diese Daten vor Vervielf\u00e4ltigung oder falscher Verwendung sch\u00fctzen.<\/span><\/p><p><span style=\"font-weight: 400;\">GDPR ist ein EU-weites Gesetz zum Schutz der Privatsph\u00e4re und zum Datenschutz, das regelt, wie die Daten von EU-B\u00fcrgern von Unternehmen gesch\u00fctzt werden und wie die EU-B\u00fcrger die Kontrolle \u00fcber ihre Daten erhalten.<\/span><\/p><p><span style=\"font-weight: 400;\">Die GDPR ist f\u00fcr jedes weltweit t\u00e4tige Unternehmen relevant und nicht nur f\u00fcr in der EU ans\u00e4ssige Unternehmen und EU-B\u00fcrger. Die Daten unserer Kunden sind wichtig, unabh\u00e4ngig davon, wo sie ans\u00e4ssig sind. Deshalb haben wir die GDPR-Kontrollen als Basisstandard f\u00fcr alle unsere Aktivit\u00e4ten weltweit eingef\u00fchrt.<\/span><\/p><p><b>Benachrichtigung \u00fcber \u00c4nderungen an dieser Datenschutzrichtlinie<\/b><\/p><p><span style=\"font-weight: 400;\">Diese Richtlinie wurde zuletzt am 25. Januar 2022 aktualisiert. Wir k\u00f6nnen diese Richtlinie von Zeit zu Zeit \u00e4ndern, um mit neuen Technologien, Branchenpraktiken und beh\u00f6rdlichen Anforderungen Schritt zu halten, sowie aus anderen Gr\u00fcnden.  Wir gehen davon aus, dass die meisten dieser \u00c4nderungen geringf\u00fcgig sein werden.  Wenn wir wesentliche \u00c4nderungen an unserer Datenschutzrichtlinie vornehmen m\u00fcssen, werden wir einen deutlichen Hinweis auf der Homepage der Website ver\u00f6ffentlichen, bevor die \u00c4nderung in Kraft tritt.<\/span><\/p><p><span style=\"font-weight: 400;\">Sollten Sie weitere Fragen haben, z\u00f6gern Sie bitte nicht, uns zu kontaktieren:<\/span><\/p><p><span style=\"font-weight: 400;\">Telefon \u2013 <a href=\"tel: 3531800816073\">+3531800816073<\/a><\/span><\/p><p><span style=\"font-weight: 400;\">E-mail \u2013 <\/span><a href=\"mailto:info@sky-reachers.com\"><span style=\"font-weight: 400;\">info@sky-reachers.com  hinterlassen.<\/span><\/a><\/p><p><span style=\"font-weight: 400;\">Kontaktformular \u2013 <\/span><a href=\"https:\/\/sky-reachers.com\/de\/contact-us\/\"><span style=\"font-weight: 400;\">https:\/\/sky-reachers.com\/contact-us\/<\/span><\/a><\/p>\t\t\t\t\t\t<\/div>\n\t\t\t\t<\/div>\n\t\t\t\t\t<\/div>\n\t\t<\/div>\n\t\t\t\t\t\t\t<\/div>\n\t\t<\/section>\n\t\t\t\t\t<\/div>\n\t\t<\/div>\n\t\t\t\t\t\t\t<\/div>\n\t\t<\/section>\n\t\t\t\t\t\t<\/div>\n\t\t\t\t\t<\/div>","protected":false},"excerpt":{"rendered":"<p>This page outlines how Gelinar Limited and\/or its affiliates (\u201cSky Reachers\u201d or \u201cwe\u201d) are committed to protecting the privacy of the personally identifiable information that we collect from you as you use this website. The scope of Sky Reachers\u2019 commitment is detailed in this Privacy Policy. You agree to Sky Reachers\u2019 use of such information [&hellip;]<\/p>","protected":false},"author":1,"featured_media":0,"parent":0,"menu_order":0,"comment_status":"closed","ping_status":"open","template":"elementor_header_footer","meta":{"om_disable_all_campaigns":false,"footnotes":""},"class_list":["post-3","page","type-page","status-publish","hentry"],"yoast_head":"<!-- This site is optimized with the Yoast SEO plugin v17.9 - https:\/\/yoast.com\/wordpress\/plugins\/seo\/ -->\n<title>Privacy Policy - Sky Reachers<\/title>\n<meta name=\"robots\" content=\"index, follow, max-snippet:-1, max-image-preview:large, max-video-preview:-1\" \/>\n<link rel=\"canonical\" href=\"https:\/\/sky-reachers.com\/de\/privacy-policy\/\" \/>\n<meta property=\"og:locale\" content=\"de_DE\" \/>\n<meta property=\"og:type\" content=\"article\" \/>\n<meta property=\"og:title\" content=\"Privacy Policy - Sky Reachers\" \/>\n<meta property=\"og:description\" content=\"This page outlines how Gelinar Limited and\/or its affiliates (\u201cSky Reachers\u201d or \u201cwe\u201d) are committed to protecting the privacy of the personally identifiable information that we collect from you as you use this website. The scope of Sky Reachers\u2019 commitment is detailed in this Privacy Policy. You agree to Sky Reachers\u2019 use of such information [&hellip;]\" \/>\n<meta property=\"og:url\" content=\"https:\/\/sky-reachers.com\/de\/privacy-policy\/\" \/>\n<meta property=\"og:site_name\" content=\"Sky Reachers\" \/>\n<meta property=\"article:modified_time\" content=\"2022-12-28T12:38:03+00:00\" \/>\n<meta property=\"og:image\" content=\"https:\/\/sky-reachers.com\/wp-content\/uploads\/2022\/01\/skyreachers_metatag_1024-515.png\" \/>\n\t<meta property=\"og:image:width\" content=\"1024\" \/>\n\t<meta property=\"og:image:height\" content=\"515\" \/>\n\t<meta property=\"og:image:type\" content=\"image\/png\" \/>\n<meta name=\"twitter:card\" content=\"summary_large_image\" \/>\n<meta name=\"twitter:label1\" content=\"Gesch\u00e4tzte Lesezeit\" \/>\n\t<meta name=\"twitter:data1\" content=\"6\u00a0Minuten\" \/>\n<script type=\"application\/ld+json\" class=\"yoast-schema-graph\">{\"@context\":\"https:\/\/schema.org\",\"@graph\":[{\"@type\":\"Organization\",\"@id\":\"https:\/\/sky-reachers.com\/#organization\",\"name\":\"Sky Research\",\"url\":\"https:\/\/sky-reachers.com\/\",\"sameAs\":[],\"logo\":{\"@type\":\"ImageObject\",\"@id\":\"https:\/\/sky-reachers.com\/#logo\",\"inLanguage\":\"de\",\"url\":\"https:\/\/sky-reachers.com\/wp-content\/uploads\/2022\/01\/logo-1.svg\",\"contentUrl\":\"https:\/\/sky-reachers.com\/wp-content\/uploads\/2022\/01\/logo-1.svg\",\"width\":160,\"height\":32,\"caption\":\"Sky Research\"},\"image\":{\"@id\":\"https:\/\/sky-reachers.com\/#logo\"}},{\"@type\":\"WebSite\",\"@id\":\"https:\/\/sky-reachers.com\/#website\",\"url\":\"https:\/\/sky-reachers.com\/\",\"name\":\"Sky Reachers\",\"description\":\"\",\"publisher\":{\"@id\":\"https:\/\/sky-reachers.com\/#organization\"},\"potentialAction\":[{\"@type\":\"SearchAction\",\"target\":{\"@type\":\"EntryPoint\",\"urlTemplate\":\"https:\/\/sky-reachers.com\/?s={search_term_string}\"},\"query-input\":\"required name=search_term_string\"}],\"inLanguage\":\"de\"},{\"@type\":\"WebPage\",\"@id\":\"https:\/\/sky-reachers.com\/privacy-policy\/#webpage\",\"url\":\"https:\/\/sky-reachers.com\/privacy-policy\/\",\"name\":\"Privacy Policy - Sky Reachers\",\"isPartOf\":{\"@id\":\"https:\/\/sky-reachers.com\/#website\"},\"datePublished\":\"2022-01-20T08:20:38+00:00\",\"dateModified\":\"2022-12-28T12:38:03+00:00\",\"breadcrumb\":{\"@id\":\"https:\/\/sky-reachers.com\/privacy-policy\/#breadcrumb\"},\"inLanguage\":\"de\",\"potentialAction\":[{\"@type\":\"ReadAction\",\"target\":[\"https:\/\/sky-reachers.com\/privacy-policy\/\"]}]},{\"@type\":\"BreadcrumbList\",\"@id\":\"https:\/\/sky-reachers.com\/privacy-policy\/#breadcrumb\",\"itemListElement\":[{\"@type\":\"ListItem\",\"position\":1,\"name\":\"Home\",\"item\":\"https:\/\/sky-reachers.com\/\"},{\"@type\":\"ListItem\",\"position\":2,\"name\":\"Privacy Policy\"}]}]}<\/script>\n<!-- \/ Yoast SEO plugin. -->","yoast_head_json":{"title":"Privacy Policy - Sky Reachers","robots":{"index":"index","follow":"follow","max-snippet":"max-snippet:-1","max-image-preview":"max-image-preview:large","max-video-preview":"max-video-preview:-1"},"canonical":"https:\/\/sky-reachers.com\/de\/privacy-policy\/","og_locale":"de_DE","og_type":"article","og_title":"Privacy Policy - Sky Reachers","og_description":"This page outlines how Gelinar Limited and\/or its affiliates (\u201cSky Reachers\u201d or \u201cwe\u201d) are committed to protecting the privacy of the personally identifiable information that we collect from you as you use this website. The scope of Sky Reachers\u2019 commitment is detailed in this Privacy Policy. You agree to Sky Reachers\u2019 use of such information [&hellip;]","og_url":"https:\/\/sky-reachers.com\/de\/privacy-policy\/","og_site_name":"Sky Reachers","article_modified_time":"2022-12-28T12:38:03+00:00","og_image":[{"width":1024,"height":515,"url":"https:\/\/sky-reachers.com\/wp-content\/uploads\/2022\/01\/skyreachers_metatag_1024-515.png","type":"image\/png"}],"twitter_card":"summary_large_image","twitter_misc":{"Gesch\u00e4tzte Lesezeit":"6\u00a0Minuten"},"schema":{"@context":"https:\/\/schema.org","@graph":[{"@type":"Organization","@id":"https:\/\/sky-reachers.com\/#organization","name":"Sky Research","url":"https:\/\/sky-reachers.com\/","sameAs":[],"logo":{"@type":"ImageObject","@id":"https:\/\/sky-reachers.com\/#logo","inLanguage":"de","url":"https:\/\/sky-reachers.com\/wp-content\/uploads\/2022\/01\/logo-1.svg","contentUrl":"https:\/\/sky-reachers.com\/wp-content\/uploads\/2022\/01\/logo-1.svg","width":160,"height":32,"caption":"Sky Research"},"image":{"@id":"https:\/\/sky-reachers.com\/#logo"}},{"@type":"WebSite","@id":"https:\/\/sky-reachers.com\/#website","url":"https:\/\/sky-reachers.com\/","name":"Sky Reachers","description":"","publisher":{"@id":"https:\/\/sky-reachers.com\/#organization"},"potentialAction":[{"@type":"SearchAction","target":{"@type":"EntryPoint","urlTemplate":"https:\/\/sky-reachers.com\/?s={search_term_string}"},"query-input":"required name=search_term_string"}],"inLanguage":"de"},{"@type":"WebPage","@id":"https:\/\/sky-reachers.com\/privacy-policy\/#webpage","url":"https:\/\/sky-reachers.com\/privacy-policy\/","name":"Privacy Policy - Sky Reachers","isPartOf":{"@id":"https:\/\/sky-reachers.com\/#website"},"datePublished":"2022-01-20T08:20:38+00:00","dateModified":"2022-12-28T12:38:03+00:00","breadcrumb":{"@id":"https:\/\/sky-reachers.com\/privacy-policy\/#breadcrumb"},"inLanguage":"de","potentialAction":[{"@type":"ReadAction","target":["https:\/\/sky-reachers.com\/privacy-policy\/"]}]},{"@type":"BreadcrumbList","@id":"https:\/\/sky-reachers.com\/privacy-policy\/#breadcrumb","itemListElement":[{"@type":"ListItem","position":1,"name":"Home","item":"https:\/\/sky-reachers.com\/"},{"@type":"ListItem","position":2,"name":"Privacy Policy"}]}]}},"_links":{"self":[{"href":"https:\/\/sky-reachers.com\/de\/wp-json\/wp\/v2\/pages\/3","targetHints":{"allow":["GET"]}}],"collection":[{"href":"https:\/\/sky-reachers.com\/de\/wp-json\/wp\/v2\/pages"}],"about":[{"href":"https:\/\/sky-reachers.com\/de\/wp-json\/wp\/v2\/types\/page"}],"author":[{"embeddable":true,"href":"https:\/\/sky-reachers.com\/de\/wp-json\/wp\/v2\/users\/1"}],"replies":[{"embeddable":true,"href":"https:\/\/sky-reachers.com\/de\/wp-json\/wp\/v2\/comments?post=3"}],"version-history":[{"count":0,"href":"https:\/\/sky-reachers.com\/de\/wp-json\/wp\/v2\/pages\/3\/revisions"}],"wp:attachment":[{"href":"https:\/\/sky-reachers.com\/de\/wp-json\/wp\/v2\/media?parent=3"}],"curies":[{"name":"wp","href":"https:\/\/api.w.org\/{rel}","templated":true}]}}